{"id":21,"date":"2025-06-04T21:51:06","date_gmt":"2025-06-04T19:51:06","guid":{"rendered":"https:\/\/ilf.org.pl\/52\/?page_id=21"},"modified":"2025-06-04T21:52:33","modified_gmt":"2025-06-04T19:52:33","slug":"kontakt","status":"publish","type":"page","link":"https:\/\/ilf.org.pl\/52\/kontakt\/","title":{"rendered":"Kontakt"},"content":{"rendered":"\n<h3 class=\"wp-block-heading\">Stowarzyszenie I\u0144skie Lato Filmowe<\/h3>\n\n\n\n<p>e-mail:&nbsp;<a href=\"mailto:biuro@ilf.org.pl\">biuro@ilf.org.pl<\/a><\/p>\n\n\n\n<h6 class=\"wp-block-heading\">Siedziba<\/h6>\n\n\n\n<p>ul. Bohater\u00f3w Warszawy 4\/U4,<br>73-140 I\u0144sko<\/p>\n\n\n\n<h6 class=\"wp-block-heading\">Konto bankowe<\/h6>\n\n\n\n<p>PKO Bank Polski S.A.<br>79 1020 4867 0000 1802 0052 7663<br>Numer KRS: 0000238644<br>REGON: 320103689<br>NIP: 8542261669<\/p>\n\n\n\n<h6 class=\"wp-block-heading\">Przemys\u0142aw Lewandowski \u2013 dyrektor artystyczny, cz\u0142onek zarz\u0105du stowarzyszenia<\/h6>\n\n\n\n<h6 class=\"wp-block-heading\">Adam Bortnik &#8211; dyrektor organizacyjny, prezes zarz\u0105du stowarzyszenia<\/h6>\n","protected":false},"excerpt":{"rendered":"<p>Stowarzyszenie I\u0144skie Lato Filmowe e-mail:&nbsp;biuro@ilf.org.pl Siedziba ul. Bohater\u00f3w Warszawy 4\/U4,73-140 I\u0144sko Konto bankowe PKO Bank Polski S.A.79 1020 4867 0000 1802 0052 7663Numer KRS: 0000238644REGON: 320103689NIP: 8542261669 Przemys\u0142aw Lewandowski \u2013 dyrektor artystyczny, cz\u0142onek zarz\u0105du stowarzyszenia Adam Bortnik &#8211; dyrektor organizacyjny, prezes zarz\u0105du stowarzyszenia<\/p>\n","protected":false},"author":1,"featured_media":0,"parent":0,"menu_order":0,"comment_status":"closed","ping_status":"closed","template":"","meta":{"footnotes":""},"class_list":["post-21","page","type-page","status-publish","hentry"],"_links":{"self":[{"href":"https:\/\/ilf.org.pl\/52\/wp-json\/wp\/v2\/pages\/21","targetHints":{"allow":["GET"]}}],"collection":[{"href":"https:\/\/ilf.org.pl\/52\/wp-json\/wp\/v2\/pages"}],"about":[{"href":"https:\/\/ilf.org.pl\/52\/wp-json\/wp\/v2\/types\/page"}],"author":[{"embeddable":true,"href":"https:\/\/ilf.org.pl\/52\/wp-json\/wp\/v2\/users\/1"}],"replies":[{"embeddable":true,"href":"https:\/\/ilf.org.pl\/52\/wp-json\/wp\/v2\/comments?post=21"}],"version-history":[{"count":2,"href":"https:\/\/ilf.org.pl\/52\/wp-json\/wp\/v2\/pages\/21\/revisions"}],"predecessor-version":[{"id":23,"href":"https:\/\/ilf.org.pl\/52\/wp-json\/wp\/v2\/pages\/21\/revisions\/23"}],"wp:attachment":[{"href":"https:\/\/ilf.org.pl\/52\/wp-json\/wp\/v2\/media?parent=21"}],"curies":[{"name":"wp","href":"https:\/\/api.w.org\/{rel}","templated":true}]}}