{"id":207,"date":"2025-07-22T17:47:35","date_gmt":"2025-07-22T15:47:35","guid":{"rendered":"https:\/\/ilf.org.pl\/52\/?page_id=207"},"modified":"2025-08-15T15:42:14","modified_gmt":"2025-08-15T13:42:14","slug":"program-festiwalu-kalendarz-projekcji-i-wydarzen","status":"publish","type":"page","link":"https:\/\/ilf.org.pl\/52\/program-festiwalu-kalendarz-projekcji-i-wydarzen\/","title":{"rendered":"Program festiwalu \u2013 kalendarz projekcji i wydarze\u0144"},"content":{"rendered":"\n<style>\n    p {\n      text-indent: -60px; \/* Wci\u0119cie dla wszystkich linii *\/\n      \/\/line-height: 1.2;\n      margin-bottom: 10px;\n      margin-left: 60px;\n    }\n    h2 {font-size: 1.5rem}\n\n<\/style>\n\n\n\n<center><p style=\"text-indent: 0px; margin-left: 0px; align: center; margin-top: 20px; margin-bottom: 20px\"><B>Na stronie <a href=\"https:\/\/ilf.org.pl\/52\/bilety-online\">BILETYNA.PL<\/a> dost\u0119pna jest sprzeda\u017c bilet\u00f3w na wybrane pojedyncze projekcje.<BR \/>Sprzeda\u017c internetowa na dany seans jest zamykana o p\u00f3\u0142nocy przed dniem seansu.<\/B><\/p><\/center>\n\n<center>\n<style type=\"text\/css\">\n.mybutton {\nposition: relative;\ntext-decoration: none;\ndisplay: inline-block;\nvertical-align: middle;\nwidth: 160px;\nheight: 50%;\nborder-radius: 5px 5px 5px 5px;\nbackground-color: #51aaf4;\nmargin-bottom: 20px;\n}\n.mybutton .mb-text {\ncolor: #ffffff;\nfont-family: Arial;\nfont-size: 18px;\ntext-align: center;\nfont-style: normal;\nfont-weight: normal;\nline-height: 1em;\nbox-sizing: border-box;\ndisplay: block;\nposition: relative;\npadding: 10px 0px 10px 0px;\n}\n<\/style>\n<a class=\"mybutton\" target=\"_blank\" rel=\"nofollow noopener\" href=\"https:\/\/ilf.org.pl\/52\/bilety-online\">\n<span class='mb-text' >\ud83c\udfab KUP BILETY<\/span><\/a>\n<\/center>\n\n\n\n<center><div style=\"margin-bottom: 10px; margin-top: 30px\"><span style=\"color: DarkMagenta; background: LightYellow; border: solid Plum 1px; padding: 5px 5px 5px 5px; font-size: large\"><strong>ORGANIZATORZY ZASTRZEGAJ\u0104 SOBIE ZMIANY W PROGRAMIE<\/strong><\/span><\/div><\/center>\n\n\n\n<h2 class=\"wp-block-heading\"><strong>8 sierpnia (pi\u0105tek)<\/strong><\/h2>\n\n\n\n<p>19.00 \u2013 INAUGURACJA FESTIWALU:&nbsp; <strong>\u201ePie\u015b\u0144 wieloryba\u201d<\/strong> . Projekcja filmu z udzia\u0142em re\u017cysera <strong>Micha\u0142a Hytrosia<\/strong> i bohatera filmu <strong>Krzysztofa Globisza<\/strong> (Kino Morena) (X)<\/p>\n\n\n\n<p>21.15 \u2013 Nowe kino polskie: <strong>\u201ePie\u015b\u0144 wieloryba\u201d<\/strong> &#8211; (Kino Morena) (K) \u2013 64 min<\/p>\n\n\n\n<p>21.15 \u2013 Kino plenerowe: <strong>\u201eA oni dalej grzesz\u0105, dobry Bo\u017ce\u201d<\/strong> \u2013 (Gospodarstwo Rybackie) (B) \u2013 99 min<\/p>\n\n\n\n<h2 class=\"wp-block-heading\"><strong>9 sierpnia (sobota)&nbsp;&nbsp;<\/strong><\/h2>\n\n\n\n<p>9.00 \u2013 Bajki dla dzieci:&nbsp; <strong>\u201eDzielna banda i tajemnica wujka\u201d<\/strong> (Kino Morena) (B) &#8211; 82 min<\/p>\n\n\n\n<p>11.00 \u2013 Bli\u017cej natury:&nbsp; Spacer z entomologiem<strong> Grzegorzem Micho\u0144skim<\/strong> (start z pla\u017cy przy molo na ul. S\u0142onecznej) (Z)<\/p>\n\n\n\n<p>11.00 \u2013 Dokumenty \u015bwiata-obrazy wsp\u00f3\u0142czesno\u015bci:&nbsp; <strong>\u201e2000 metr\u00f3w do Andrijiwki\u201d<\/strong> (Kino Morena) (K) \u2013 107 min<\/p>\n\n\n\n<p>13.00 \u2013 Nowe kino polskie: <strong>\u201eTe\u015bciowie 3\u201d<\/strong> (Kino Morena) (K) \u2013 117 min<\/p>\n\n\n\n<p>13.00 &#8211; KSI\u0118GARNIA W O.MEDZE: Spotkanie z <strong>Szymonem Drobniakiem, <\/strong>autorem ksi\u0105\u017cki<strong> \u201eG\u0119si odpoczywaj\u0105 na Gotlandii\u201d<\/strong> (Galeria O.Mega) \u2013 (B)&nbsp;&nbsp;&nbsp;&nbsp;&nbsp;&nbsp;&nbsp;&nbsp;&nbsp;&nbsp;&nbsp;&nbsp;&nbsp;<\/p>\n\n\n\n<p>16.00 \u2013 Nowe kino polskie: <strong>\u201eTe\u015bciowie 3\u201d<\/strong> (Kino Morena) (K) \u2013 117 min<\/p>\n\n\n\n<p>16.00&nbsp; &#8211; Sezon 2024\/2025: <strong>\u201eNasienie \u015bwi\u0119tej figi\u201d<\/strong> (Jaskinia zapomnianych sn\u00f3w) (K) \u2013 158 min<\/p>\n\n\n\n<p>19.00 &#8211;&nbsp; Spotkanie z re\u017cyserem filmu<strong> \u201ePie\u015b\u0144 wieloryba\u201d Micha\u0142em Hytrosiem i<\/strong> bohaterem filmu <strong>Krzysztofem Globiszem<\/strong>. Prowadzenie: Krzysztof Sp\u00f3r (Gospodarstwo Rybackie) (B)<\/p>\n\n\n\n<p>20.15 &#8211;&nbsp; Nowe kino polskie: <strong>\u201eSilver\u201d<\/strong>. Po projekcji spotkanie z re\u017cyserk\u0105 <strong>Natali\u0105 Koniarz<\/strong> i operatorem <strong>Stasiem Cuske<\/strong>. Prowadzenie: Krzysztof Sp\u00f3r (Kino Morena) (K)&nbsp; \u2013 78 min &nbsp;&nbsp;&nbsp;&nbsp;&nbsp;&nbsp;&nbsp;&nbsp;&nbsp;&nbsp;&nbsp;&nbsp;<\/p>\n\n\n\n<p>20.00 \u2013 Sezon 2024\/2025: <strong>\u201ePunkty zwrotne\u201d<\/strong> (Jaskinia Zapomnianych Sn\u00f3w) (K) &#8211;&nbsp; 90 min<\/p>\n\n\n\n<p>22.00 &#8211; <strong>SILENT DISCO<\/strong> (Plac przed kinem Morena) (K)&nbsp;&nbsp;&nbsp;&nbsp;&nbsp;&nbsp;<\/p>\n\n\n\n<h2 class=\"wp-block-heading\"><strong>10 sierpnia (niedziela)&nbsp;&nbsp;&nbsp;&nbsp;&nbsp;&nbsp;&nbsp;&nbsp;&nbsp;<\/strong><\/h2>\n\n\n\n<p>9.00 &#8211;&nbsp; Bajki dla dzieci: <strong>\u201eHeidi ratuje rysia\u201d<\/strong> (Kino Morena) (B)&nbsp; &#8211; 79 min<\/p>\n\n\n\n<p>10.45 \u2013 Otwarcie sceny muzycznej Kamienna Buczyna. <strong>Koncert Compadres<\/strong> (start z pla\u017cy przy ulicy S\u0142onecznej) (K)&nbsp;&nbsp;&nbsp;&nbsp;&nbsp;&nbsp;&nbsp;&nbsp;&nbsp;&nbsp;&nbsp;&nbsp;<\/p>\n\n\n\n<p>10.45 \u2013 Dooko\u0142a \u015bwiata: <strong>\u201eSirat\u201d<\/strong> (Kino Morena) (K) \u2013 120 min&nbsp;&nbsp;&nbsp;&nbsp;&nbsp;&nbsp;&nbsp;&nbsp;<\/p>\n\n\n\n<p>13.00 \u2013 Filmoterapia: <strong>\u201eRzeczy niezb\u0119dne\u201d<\/strong>. <em>Po projekcji spotkanie<s> <\/s>z udzia\u0142em re\u017cyserki <strong>Kamili Tarabury<\/strong>. Prowadzenie: <strong>Monika Borzym<\/strong> (<\/em>Kino Morena) (K)&nbsp;&nbsp;<\/p>\n\n\n\n<p>13.00 &#8211; KSI\u0118GARNIA W O.MEDZE: Spotkanie z<strong> Paw\u0142em Mo\u015bcickim, <\/strong>autorem ksi\u0105\u017cki<strong> \u201eGaza. Rzecz o eksterminacji\u201d<\/strong> (Galeria O.Mega) (B)<\/p>\n\n\n\n<p>16.00&nbsp; &#8211; Nowe kino polskie: <strong>\u201eDziecko z py\u0142u\u201d<\/strong>. <em>Po projekcji spotkanie z re\u017cyserk\u0105 filmu <strong>Weronik\u0105 Mliczewsk\u0105<\/strong><\/em>. Prowadzenie: Krzysztof Sp\u00f3r (Kino Morena) (K) \u2013 90 min &nbsp;&nbsp;&nbsp;&nbsp;&nbsp;&nbsp;<\/p>\n\n\n\n<p>16.00&nbsp; &#8211; Sezon 2024\/2025: <strong>\u201eSanatorium pod Klepsydr\u0105 wed\u0142ug braci Quai\u201d<\/strong> (Jaskinia Zapomnianych Sn\u00f3w) (K) &#8211; 75 min<\/p>\n\n\n\n<p>20.00 &#8211; Sezon 2024\/2025: <strong>\u201eNiech p\u0142onie\u201d<\/strong> &nbsp;(Kino Morena) (K) \u2013 105 min<\/p>\n\n\n\n<p>20.00 &#8211; Dokumenty \u015bwiata &#8211; obrazy wsp\u00f3\u0142czesno\u015bci:&nbsp; <strong>\u201ePan Nikt kontra Putin\u201d<\/strong> (Jaskinia Zapomnianych Sn\u00f3w) (K)&nbsp; &#8211;&nbsp; 90 min &nbsp;<\/p>\n\n\n\n<p>21.00 \u2013 <strong>OGNIEM I BLACH\u0104<\/strong> (ognisko przy bazie nurkowej) (B)&nbsp;&nbsp;&nbsp;&nbsp;&nbsp;&nbsp;&nbsp;&nbsp;&nbsp;&nbsp;&nbsp;&nbsp;&nbsp;&nbsp;&nbsp;&nbsp;&nbsp;&nbsp;&nbsp;&nbsp;<\/p>\n\n\n\n<h2 class=\"wp-block-heading\"><strong>11 sierpnia (poniedzia\u0142ek)<\/strong><\/h2>\n\n\n\n<p>09.00 \u2013 Bajki dla dzieci: <strong>\u201eFelek i Tola ratuj\u0105 las\u201d<\/strong> (Kino Morena) (B) &#8211; 70 min&nbsp;&nbsp;&nbsp;&nbsp;&nbsp;&nbsp;<\/p>\n\n\n\n<p>11.00 \u2013 <strong>\u201eI\u0144sko i jego mieszka\u0144cy. Pami\u0119\u0107 zapisana w kadrach\u201d<\/strong>. Spacer z <strong>Teres\u0105 Furman<\/strong> i <strong>Przemkiem Lewandowskim<\/strong> szlakiem wystawy (start spod wie\u017cy widokowej w I\u0144sku) (B)<\/p>\n\n\n\n<p>11.00&nbsp; &#8211; Nowe kino polskie:&nbsp; <strong>\u201eZapale\u0144cy. Historia polskiego filmu animowanego\u201d<\/strong>.<em> Po projekcji spotkanie z producentem <strong>Januszem Ska\u0142kowskim<\/strong><\/em>. <em>Prowadzenie:<\/em><strong> <\/strong>Krzysztof Sp\u00f3r (Kino Morena) \u2013 89 min<\/p>\n\n\n\n<p>13.00 &nbsp;\u2013 Dooko\u0142a \u015bwiata: <strong>\u201e8 widok\u00f3w na jezioro Biwa\u201d<\/strong> (Kino Morena) (K) \u2013 126 min&nbsp;&nbsp;&nbsp;&nbsp;<\/p>\n\n\n\n<p>13.00&nbsp; &#8211; KSI\u0118GARNIA W O.MEDZE:<strong> Spotkanie autorskie z Barbar\u0105 Elmanowsk\u0105, <\/strong>autork\u0105 ksi\u0105\u017cki <strong>\u201eWoliera\u201d<\/strong>. <em>Prowadzenie: <strong>Joanna Cybruch<\/strong><\/em> (Galeria O.Mega) (B)<\/p>\n\n\n\n<p>16.00 \u2013 Filmoterapia: <strong>\u201eZaufaj mi\u201d<\/strong> (Kino Morena) (K) &#8211; <em>Po projekcji spotkanie z udzia\u0142em re\u017cyserki <strong>Joanny Ratajczak <\/strong>oraz bohater\u00f3w dokumentu<strong> Alicji i Sebastiana Rost<\/strong>. Prowadzenie: <strong>Monika Borzym<\/strong> \u2013 90 min<\/em><\/p>\n\n\n\n<p>16.00&nbsp; &#8211; Dooko\u0142a \u015bwiata: <strong>\u201eGrand Tour\u201d<\/strong> (Jaskinia Zapomnianych Sn\u00f3w) (K)- 129 min<\/p>\n\n\n\n<p>20.00&nbsp; \u2013 Sezon 2024\/2025: <strong>\u201eFollemente\u201d<\/strong> (Kino Morena) (K) &#8211; 97 min<\/p>\n\n\n\n<p>20.00 \u2013 Dokumenty \u015bwiata \u2013 obrazy wsp\u00f3\u0142czesno\u015bci: <strong>\u201eYintah\u201d<\/strong> (Jaskinia Zapomnianych Sn\u00f3w) (K) \u2013 125 min<\/p>\n\n\n\n<p>22.00 &#8211;&nbsp; KONCERT: <strong>\u201eCi\u015bnienie\u201d<\/strong> (Kino Morena) (K)<\/p>\n\n\n\n<h2 class=\"wp-block-heading\"><strong>12 sierpnia (wtorek)<\/strong><\/h2>\n\n\n\n<p>9.00 \u2013 Bajki dla dzieci: <strong>\u201eElfy rozrabiaj\u0105\u201d<\/strong> (Kino Morena) (B) &#8211; 76 min<\/p>\n\n\n\n<p>10.00 &#8211; <strong>Wycieczka do Drawie\u0144skiego Parku Narodowego<\/strong> (wyjazd autobusem spod kina Morena) (Z)<\/p>\n\n\n\n<p>11.00 &#8211; WOK\u00d3\u0141 BA\u0141TYKU \u2013 KONKURS FILMOWY:&nbsp; <strong>\u201eNude\u201d<\/strong>, <strong>\u201eCrying_1\u201d<\/strong>, <strong>\u201eOda do lasu\u201d<\/strong>, <strong>\u201eTsentrum\u201d<\/strong>, <strong>\u201eJe\u017cyki\u201d<\/strong>, <strong>\u201eKarl Gustaw\u201d<\/strong>, <strong>\u201eHappy Things\u201d<\/strong>, <strong>\u201eNa krzywe \u0142by\u201d<\/strong>, <strong>\u201eRos\u00f3\u0142 z kaczki\u201d<\/strong>, <strong>\u201eNatsukashi\u201d<\/strong>, <strong><strong>\u201e<\/strong>Za zimno na burz\u0119<strong>\u201d<\/strong><\/strong> (Kino Morena) (K) &#8211; 94 min<\/p>\n\n\n\n<p>13.00&nbsp; &#8211; Przegl\u0105d Film\u00f3w Australijskich: <strong>\u201eBack of Beyond\u201d<\/strong>. <em>Wprowadzenie: Marek Tomalik<\/em> (Kino Morena) (K) &#8211; 66 min<\/p>\n\n\n\n<p>13.00&nbsp; &#8211; POMERANIKA:&nbsp; <strong>\u201eSHORASHIM\u201d<\/strong>. <em>Po projekcji spotkanie z tw\u00f3rcami filmu <strong>King\u0105 Konieczny <\/strong>i <strong>Paw\u0142em Srok\u0105<\/strong><\/em><strong>.<\/strong> Prowadzenie: Katarzyna Rembacka. (O.Mega) (B) &#8211;&nbsp; 60 min<\/p>\n\n\n\n<p>16.00 \u2013 Nowe Kino Polskie:&nbsp; <strong>\u201eWrooklyn Z00\u201d<\/strong> (Kino Morena) (K) \u2013 128 min<\/p>\n\n\n\n<p>16.00 &#8211; Dokumenty \u015bwiata: <strong>\u201eAkta Bibiego\u201d<\/strong> (Jaskinia Zapomnianych Sn\u00f3w) (K) \u2013 115 min<\/p>\n\n\n\n<p>19.30 \u2013 Przegl\u0105d Film\u00f3w Australijskich:&nbsp; <strong>\u201eKraina Charliego\u201d<\/strong> (Kino Morena) (K) \u2013 108 min<\/p>\n\n\n\n<p>19.30 &#8211;&nbsp; Sezon 2024\/2025: <strong>\u201eDrugi akt\u201d<\/strong> (Jaskinia Zapomnianych Sn\u00f3w) (K) \u2013 80 min&nbsp;&nbsp;&nbsp;<\/p>\n\n\n\n<p>22.00 &#8211; <strong>Teatr Impro Szczecin<\/strong> \u2013 TEATR IMPROWIZOWANY (Kino Morena) (K)&nbsp;&nbsp;&nbsp;&nbsp;&nbsp;&nbsp;&nbsp;&nbsp;&nbsp;&nbsp;&nbsp;&nbsp;&nbsp;&nbsp;&nbsp;&nbsp;&nbsp;&nbsp;&nbsp;&nbsp;&nbsp;<\/p>\n\n\n\n<h2 class=\"wp-block-heading\"><strong>13 sierpnia (\u015broda)&nbsp;&nbsp;<\/strong><\/h2>\n\n\n\n<p>09:00 &#8211; Bajki dla dzieci: <strong>\u201eKr\u00f3lestwo Kensuke\u201d<\/strong> (Kino Morena) (B) &#8211; 85 min&nbsp;&nbsp;&nbsp;&nbsp;&nbsp;&nbsp;&nbsp;&nbsp;&nbsp;&nbsp;<\/p>\n\n\n\n<p>11.00&nbsp; &#8211; <strong>Spotkanie i spacer nad In\u0119 ze Zbigniewiem Mieczkowskim &#8211; autorem monografii rzek Drawy, Regii oraz Iny<\/strong> (start w O.Medze) (Z)<\/p>\n\n\n\n<p>11.00 &#8211; Przegl\u0105d Film\u00f3w Australijskich: <strong>\u201eMy Name is Gulpilil\u201d<\/strong>. Wst\u0119p Marek Tomalik (Kino Morena) (K) \u2013 101 min<\/p>\n\n\n\n<p>13.00 &#8211; POMERANIKA &#8211; <strong>\u201eImperium Stoewer\u00f3w. Od pralki do limuzyny\u201d<\/strong> <em>Po projekcji spotkanie z tw\u00f3rczyni\u0105 filmu <\/em><strong>Helen\u0105 Kwiatkowsk\u0105<\/strong>. Prowadzenie: Rados\u0142aw Skrycki (Kino Morena) (K) \u2013 45 min<\/p>\n\n\n\n<p>13. 00 &#8211; PREZENTACJA MULTIMEDIALNA: <strong>Micha\u0142 J\u0119drzejczyk<\/strong> <strong>\u201eOpowie\u015bci Ba\u0142tyckie\u201d<\/strong> (Galeria O.Mega) (B)<\/p>\n\n\n\n<p>13.00 \u2013 <strong>\u201eCi\u0119cie 2 \u2013 warsztaty literackie do film\u00f3w Bohdana Kowalskiego\u201d<\/strong> (Galeria O.Mega &#8211; sala warsztatowa) (W)<\/p>\n\n\n\n<p>16.00&nbsp; &#8211; Nowe kino polskie: <strong>\u201eTo nie m\u00f3j film\u201d<\/strong> (Kino Morena) (K) \u2013 99 min&nbsp;&nbsp;&nbsp;&nbsp;&nbsp;&nbsp;&nbsp;&nbsp;&nbsp;&nbsp;&nbsp;&nbsp;<\/p>\n\n\n\n<p>16.00&nbsp; &#8211; Dooko\u0142a \u015bwiata: <strong>\u201eShambhala\u201d<\/strong> (Jaskinia Zapomnianych Sn\u00f3w) (K) \u2013 150 min<\/p>\n\n\n\n<p>19.00&nbsp; &#8211; Spotkanie z tw\u00f3rcami filmu <strong>\u201eTo nie m\u00f3j film\u201d<\/strong> \u2013 re\u017cyserk\u0105 <strong>Mari\u0105 Zb\u0105sk\u0105<\/strong> i aktorem<strong> Marcinem Sztabi\u0144skim<\/strong>. Prowadzenie: Krzysztof Sp\u00f3r (Gospodarstwo Rybackie)(B)&nbsp;&nbsp;&nbsp;&nbsp;&nbsp;&nbsp;&nbsp;&nbsp;&nbsp;&nbsp;&nbsp;&nbsp;&nbsp;&nbsp;&nbsp;&nbsp;&nbsp;&nbsp;&nbsp;&nbsp;&nbsp;&nbsp;&nbsp;&nbsp;&nbsp;&nbsp;&nbsp;&nbsp;&nbsp;&nbsp;&nbsp;&nbsp;&nbsp;&nbsp;&nbsp;&nbsp;&nbsp;&nbsp;&nbsp;&nbsp;&nbsp;&nbsp;&nbsp;&nbsp;&nbsp;&nbsp;<\/p>\n\n\n\n<p>20.00 \u2013 Sezon 2024\/2025: <strong>\u201eTo by\u0142 zwyk\u0142y przypadek\u201d<\/strong> (Kino Morena) (K) \u2013 105 min<\/p>\n\n\n\n<p>20.00 &#8211; Dooko\u0142a \u015bwiata: <strong>\u201ePrzyp\u0142ywy\u201d<\/strong> (Jaskinia Zapomnianych Sn\u00f3w) (K) &#8211;&nbsp; 111 min<\/p>\n\n\n\n<p>22.00 &#8211; KONCERT: <strong>\u201eSubbumboo\u201d<\/strong> (Scena przed kinem Morena)(B)&nbsp;&nbsp;&nbsp; &nbsp;&nbsp;&nbsp;&nbsp;&nbsp;&nbsp;&nbsp;&nbsp;&nbsp;&nbsp;&nbsp;<\/p>\n\n\n\n<p>21.15 \u2013 Kino plenerowe: <strong>\u201eMilionerzy\u201d<\/strong> (Gospodarstwo Rybackie) (B) \u2013 103 min&nbsp;&nbsp;&nbsp;&nbsp;&nbsp;&nbsp;&nbsp;&nbsp;&nbsp;&nbsp;&nbsp;&nbsp;&nbsp;&nbsp;&nbsp;&nbsp;&nbsp;&nbsp;&nbsp;&nbsp;&nbsp;&nbsp;&nbsp;&nbsp;&nbsp;&nbsp;&nbsp;&nbsp;&nbsp;&nbsp;<\/p>\n\n\n\n<h2 class=\"wp-block-heading\"><strong>14 sierpnia (czwartek)&nbsp;&nbsp;&nbsp;&nbsp;&nbsp;&nbsp;&nbsp;&nbsp;&nbsp;<\/strong><\/h2>\n\n\n\n<p>09.00 &#8211; Bajki dla dzieci: \u201e<strong>Smok Diplodok<\/strong>\u201d (Kino Morena) (B) &#8211; 93 min&nbsp;&nbsp;&nbsp;&nbsp;&nbsp;&nbsp;&nbsp;&nbsp;<\/p>\n\n\n\n<p>11.00 \u2013 Bli\u017cej natury: <strong>Ornitologiczny spacer z Jackiem Karczewskim<\/strong> (start przy kinie Morena) (Z) &nbsp;&nbsp;&nbsp;<\/p>\n\n\n\n<p>11.00 &#8211; Szko\u0142y filmowe prezentuj\u0105: <strong>Katedra Filmu Eksperymentalnego Akademii Sztuki w Szczecinie, Akademia Sztuk Pi\u0119knych w Norymberdze, Grupa ANIMUSZ z Uniwersytetu Artystycznego im. Magdaleny Abakanowicz w Poznaniu<\/strong> (Kino Morena) (K)<\/p>\n\n\n\n<p>13.00 \u2013 Nowe kino polskie: <strong>\u201eSkrzy\u017cowanie\u201d<\/strong> (Kino Morena) (K) \u2013 99 min<\/p>\n\n\n\n<p>13.00 \u2013 POMERANIKA: <strong>Adam Zadworny \u201eHeweliusz. Tajemnica katastrofy na Ba\u0142tyku\u201d<\/strong>. <em>Prowadzenie: Kasia Rembacka i Krzysztof Sp\u00f3r <\/em>(Galeria O.Mega) (B) &nbsp;&nbsp;&nbsp;&nbsp;&nbsp;&nbsp;&nbsp;<\/p>\n\n\n\n<p>13.00 \u2013 <strong>\u201eCi\u0119cie 2 \u2013 warsztaty literackie do film\u00f3w Bohdana Kowalskiego\u201d<\/strong> (Galeria O.Mega &#8211; sala warsztowa) (W)<\/p>\n\n\n\n<p>16.00 \u2013 Nowe kino polskie: <strong>\u201eSkrzy\u017cowanie\u201d<\/strong> (Kino Morena) (K)- 99 min<\/p>\n\n\n\n<p>16.00 &#8211;&nbsp; Przegl\u0105d Film\u00f3w Australijskich: <strong>\u201eLimbo\u201d<\/strong> (Jaskinia Zapomnianych Sn\u00f3w) (K) &#8211; &nbsp;108 min<\/p>\n\n\n\n<p>19.00&nbsp; &#8211; Spotkanie z tw\u00f3rcami filmu <strong>\u201eSkrzy\u017cowanie\u201d<\/strong>,&nbsp; re\u017cyserk\u0105 <strong>Dominik\u0105 Montean \u2013 Pa\u0144kow<\/strong> i aktork\u0105 <strong>Ann\u0105 Romantowsk\u0105<\/strong>. Prowadzenie: Krzysztof Sp\u00f3r<strong> <\/strong>(Gospodarstwo Rybackie) (B)&nbsp; &nbsp;&nbsp;&nbsp;&nbsp;&nbsp;&nbsp;&nbsp;&nbsp;&nbsp;&nbsp;<\/p>\n\n\n\n<p>20.00 \u2013 Sezon 2024\/2025: <strong>\u201ePaw zwyczajny\u201d<\/strong> (Kino Morena) (K) \u2013 102 min&nbsp;&nbsp;&nbsp;&nbsp;&nbsp;&nbsp;&nbsp;&nbsp;&nbsp;&nbsp;<\/p>\n\n\n\n<p>20.00 \u2013 Pokaz specjalny: <strong>\u201e<strong>Rega Axis Mundi<\/strong>\u201d<\/strong> (Jaskinia Zapomnianych Sn\u00f3w) (B) &nbsp;&nbsp;&nbsp;&nbsp;<\/p>\n\n\n\n<p>22.00 \u2013 KONCERT: <strong>JULIA ROVER<\/strong> (Galeria O.Mega) (K)&nbsp;&nbsp;&nbsp;&nbsp;&nbsp;<\/p>\n\n\n\n<p>21.15 &#8211; Kino plenerowe: \u201e<strong>Pieprzy\u0107 Mickiewicza 2\u201d<\/strong> (Gospodarstwo Rybackie) (B) \u2013 102 min&nbsp;<\/p>\n\n\n\n<h2 class=\"wp-block-heading\"><strong>15 sierpnia (pi\u0105tek)<\/strong><\/h2>\n\n\n\n<p>9:00&nbsp; &#8211; <strong>\u201eOzi: g\u0142os deszczowego lasu\u201d<\/strong> (Kino Morena) (K) &#8211; 87 min<\/p>\n\n\n\n<p>11.00 \u2013 <strong>Spotkanie i spacer po I\u0144sku z Mietkiem Drewniakiem. Opowie\u015bci o dawnym I\u0144sku<\/strong> (O.Mega) (B)<\/p>\n\n\n\n<p>11.00 \u2013 Przegl\u0105d Kina Australijskiego: <strong>\u201eTracker\u201d<\/strong> (Kino Morena) (K) \u2013 90 min<\/p>\n\n\n\n<p>13.00 \u2013 Nowe kino polskie: <strong>\u201ePoci\u0105gi\u201d<\/strong>. <em>Po projekcji spotkanie z re\u017cyserem<strong> Maciejem Drygasem<\/strong><\/em> (Kino Morena) (K) \u2013 80 min<\/p>\n\n\n\n<p>16.00 \u2013 Nowe kino polskie: <strong>\u201ePoci\u0105gi\u201d<\/strong>. <em>Po projekcji spotkanie z re\u017cyserem <strong>Maciejem Drygasem<\/strong><\/em> (Kino Morena) (K) &#8211; 80 min<\/p>\n\n\n\n<p>16.00 \u2013 Sezon 2024\/2025: \u201e<strong>Stan wyj\u0105tkowy\u201d<\/strong> (Jaskinia Zapomnianych Sn\u00f3w) (K) \u2013 100 min<\/p>\n\n\n\n<p>18.00 \u2013 <strong>\u201eCi\u0119cie 2 &#8211; powarsztatowe wyst\u0119py literackie do film\u00f3w Bohdana Kowalskiego\u201d<\/strong> (Galeria O.Mega) (B)<\/p>\n\n\n\n<p>20.00&nbsp; &#8211; Nowe kino polskie: <strong>\u201eKompleta\u201d<\/strong>.&nbsp; <em>Po projekcji spotkanie z<strong> Magd\u0105 Hueckel<\/strong> i <strong>Tomkiem \u015aliwi\u0144skim.<\/strong> Prowadzenie: Krzysztof Sp\u00f3r (<\/em>Kino Morena) (K) \u2013 66 min<\/p>\n\n\n\n<p>20.00 \u2013 Sezon 2024\/2025: <strong>\u201eK\u0105piel diab\u0142a\u201d<\/strong> (Jaskinia Zapomnianych Sn\u00f3w) (K) &#8211; 121 min<\/p>\n\n\n\n<p>21.30 \u2013 <strong>I\u0144skie Fale D\u017awi\u0119ku &#8211; selekcja muzyczna na dwa gramofony i jeden mikser, Stargardzka Gie\u0142da P\u0142ytowa<\/strong> (Galeria O.Mega) (B)<\/p>\n\n\n\n<p>22.00 \u2013 <strong>\u201eLe\u015bmian\/Relaks\u201d<\/strong> (Scena przy kinie Morena) (B)<\/p>\n\n\n\n<h2 class=\"wp-block-heading\"><strong>16 sierpnia (sobota)&nbsp;&nbsp;&nbsp;&nbsp;&nbsp;&nbsp;&nbsp;&nbsp;&nbsp;&nbsp;&nbsp;&nbsp;&nbsp;&nbsp;&nbsp;&nbsp;&nbsp;&nbsp;&nbsp;&nbsp;&nbsp;&nbsp;&nbsp;&nbsp;&nbsp;&nbsp;&nbsp;&nbsp;&nbsp;&nbsp;&nbsp;&nbsp;&nbsp;&nbsp;&nbsp;&nbsp;&nbsp;&nbsp;&nbsp;&nbsp;&nbsp;&nbsp;&nbsp;&nbsp;&nbsp;&nbsp;<\/strong><\/h2>\n\n\n\n<p>11.00 &#8211; <strong>Spotkanie z artyst\u0105 plastykiem Jarkiem Koziar\u0105<\/strong> (Galeria O.Mega) (B)&nbsp;&nbsp;&nbsp;&nbsp;&nbsp;&nbsp;&nbsp;&nbsp;&nbsp;&nbsp;&nbsp;&nbsp;&nbsp;&nbsp;&nbsp;&nbsp;&nbsp;<\/p>\n\n\n\n<p>11.00 &#8211; Monika Augustyniak-Duma\u0142a oraz Piotr Duma\u0142a prezentuj\u0105: <strong>\u201eBia\u0142y pok\u00f3j\u201d + \u201eLas\u201d<\/strong> (Kino Morena) (K) \u2013 94 min&nbsp;&nbsp;&nbsp;&nbsp;&nbsp;&nbsp;&nbsp;<\/p>\n\n\n\n<p>13.00 \u2013 Dooko\u0142a \u015bwiata: <strong>\u201eZmartwychwstanie\u201d<\/strong> (Kino Morena) (K) \u2013 160 min&nbsp;&nbsp;&nbsp;&nbsp;&nbsp;<\/p>\n\n\n\n<p>13.00 &#8211; <strong>Spotkanie autorskie z re\u017cyserem, malarzem i poet\u0105 Piotrem Duma\u0142\u0105<\/strong>. <em>Prowadzenie: Krzysztof Sp\u00f3r <\/em>(Galeria O.Mega) (B)<\/p>\n\n\n\n<p>16.00 &#8211; Przegl\u0105d Kina Australijskiego: <strong>\u201ePiknik pod Wisz\u0105c\u0105 Ska\u0142\u0105\u201d<\/strong>. <em>Wprowadzenie: Krzysztof Sp\u00f3r<\/em> (Kino Morena) (K) \u2013 110 min<\/p>\n\n\n\n<p>16.00 &#8211; Nowe kino polskie: <strong>\u201eNajg\u0142upsza p\u0142yta \u015bwiata\u201d<\/strong> (Jaskinia Zapomnianych Sn\u00f3w) (K) \u2013 72 min<\/p>\n\n\n\n<p>19.00&nbsp; &#8211; Zako\u0144czenie festiwalu:&nbsp; <strong>\u201eSzkoda, \u017ce nareszcie\u201d<\/strong>. (Kino Morena) (K) \u2013 93 min&nbsp;&nbsp;&nbsp;<\/p>\n\n\n\n<p>21.00&nbsp; &#8211; <strong>Urodziny Budynia PROLOG \u2013 Zuzanna&nbsp; Wro\u0144ska Superstar<\/strong> (Scena przed kinem Morena) (B)&nbsp; &nbsp;&nbsp;&nbsp;&nbsp;&nbsp;&nbsp;&nbsp;&nbsp;&nbsp;&nbsp; &nbsp;&nbsp;&nbsp;&nbsp;&nbsp;&nbsp;&nbsp;&nbsp;&nbsp;&nbsp;&nbsp;&nbsp;&nbsp;&nbsp;&nbsp;&nbsp;&nbsp;&nbsp;&nbsp;&nbsp;&nbsp;&nbsp;&nbsp;&nbsp;&nbsp;&nbsp;&nbsp;&nbsp;&nbsp;&nbsp;<\/p>\n\n\n\n<h2 class=\"wp-block-heading\"><strong>17 sierpnia (niedziela)<\/strong><\/h2>\n\n\n\n<p>10.00 &#8211; <strong>Projekcja filmu nagrodzonego Z\u0142ot\u0105 Rybk\u0105<\/strong> (Kino Morena) (K)<\/p>\n\n\n\n<p>12.15 &#8211; Urodziny Budynia \u2013 SEKCJA FILMOWA: <strong>\u201ePoniedzia\u0142ek: Paprotka\u201d<\/strong>, <strong>\u201eSzkoda, \u017ce nareszcie\u201d<\/strong> (Kino Morena) (K) \u2013 108 min<\/p>\n\n\n\n<p>14.15 &#8211; Urodziny Budynia \u2013 KONCERTY: <strong>\u201efranznieferdinand\u201d<\/strong>,&nbsp; <strong>\u201eBIFF\u201d (Fochman + Brachaczek)<\/strong>, <strong>\u201eBajzel\u201d<\/strong>, <strong>\u201eRabeatz\u201d<\/strong>\u2026 (Scena przed kinem Morena) (B)<\/p>\n\n\n\n<h2 class=\"wp-block-heading\"><strong>Wystawy w O.Medze:<\/strong><\/h2>\n\n\n\n<ul class=\"wp-block-list\">\n<li><strong>Krzysztof Globisz<\/strong> &#8222;Ja wolny&#8221;, <\/li>\n\n\n\n<li>&#8222;I\u0144skie chy\u0142ki&#8221; <strong>Basi Trzybulskiej<\/strong>, <\/li>\n\n\n\n<li>wystawa prac autorki plakatu na 52.ILF<strong> Anny Wilczy\u0144skiej-Kaszuby<\/strong>, <\/li>\n\n\n\n<li><strong>Piotr Duma\u0142a <\/strong>&#8211; grafiki i plakaty<\/li>\n<\/ul>\n\n\n\n<p>Legenda:<br>(K) \u2013 bilety 25 z\u0142<br>(B) \u2013 wydarzenia bezp\u0142atne<br>(X) \u2013 tylko dla os\u00f3b z karnetami i zaproszeniami<br>(W) \u2013 warsztaty<br>(Z) \u2013 wydarzenie na zapisy \u2013 pierwsze\u0144stwo dla os\u00f3b z karnetami<\/p>\n\n\n\n<center><div style=\"margin-bottom: 10px; margin-top: 30px\"><span style=\"color: DarkMagenta; background: LightYellow; border: solid Plum 1px; padding: 5px 5px 5px 5px; font-size: large\"><strong>ORGANIZATORZY ZASTRZEGAJ\u0104 SOBIE ZMIANY W PROGRAMIE<\/strong><\/span><\/div><\/center>\n","protected":false},"excerpt":{"rendered":"<p>Na stronie BILETYNA.PL dost\u0119pna jest sprzeda\u017c bilet\u00f3w na wybrane pojedyncze projekcje.Sprzeda\u017c internetowa na dany seans jest zamykana o p\u00f3\u0142nocy przed dniem seansu. \ud83c\udfab KUP BILETY ORGANIZATORZY ZASTRZEGAJ\u0104 SOBIE ZMIANY W PROGRAMIE 8 sierpnia (pi\u0105tek) 19.00 \u2013 INAUGURACJA FESTIWALU:&nbsp; \u201ePie\u015b\u0144 wieloryba\u201d . Projekcja filmu z udzia\u0142em re\u017cysera Micha\u0142a Hytrosia i bohatera filmu Krzysztofa Globisza (Kino Morena)&hellip; <br \/> <a class=\"read-more\" href=\"https:\/\/ilf.org.pl\/52\/program-festiwalu-kalendarz-projekcji-i-wydarzen\/\">Dowiedz si\u0119 wi\u0119cej<\/a><\/p>\n","protected":false},"author":1,"featured_media":0,"parent":0,"menu_order":0,"comment_status":"closed","ping_status":"closed","template":"","meta":{"footnotes":""},"class_list":["post-207","page","type-page","status-publish","hentry"],"_links":{"self":[{"href":"https:\/\/ilf.org.pl\/52\/wp-json\/wp\/v2\/pages\/207","targetHints":{"allow":["GET"]}}],"collection":[{"href":"https:\/\/ilf.org.pl\/52\/wp-json\/wp\/v2\/pages"}],"about":[{"href":"https:\/\/ilf.org.pl\/52\/wp-json\/wp\/v2\/types\/page"}],"author":[{"embeddable":true,"href":"https:\/\/ilf.org.pl\/52\/wp-json\/wp\/v2\/users\/1"}],"replies":[{"embeddable":true,"href":"https:\/\/ilf.org.pl\/52\/wp-json\/wp\/v2\/comments?post=207"}],"version-history":[{"count":54,"href":"https:\/\/ilf.org.pl\/52\/wp-json\/wp\/v2\/pages\/207\/revisions"}],"predecessor-version":[{"id":295,"href":"https:\/\/ilf.org.pl\/52\/wp-json\/wp\/v2\/pages\/207\/revisions\/295"}],"wp:attachment":[{"href":"https:\/\/ilf.org.pl\/52\/wp-json\/wp\/v2\/media?parent=207"}],"curies":[{"name":"wp","href":"https:\/\/api.w.org\/{rel}","templated":true}]}}