{"id":875,"date":"2024-07-31T23:56:19","date_gmt":"2024-07-31T21:56:19","guid":{"rendered":"https:\/\/ilf.org.pl\/51\/?page_id=875"},"modified":"2024-07-31T23:56:19","modified_gmt":"2024-07-31T21:56:19","slug":"technika-jazdy-samochodem-osobowym-ruch-pozamiejski-lato","status":"publish","type":"page","link":"https:\/\/ilf.org.pl\/51\/technika-jazdy-samochodem-osobowym-ruch-pozamiejski-lato\/","title":{"rendered":"Technika jazdy samochodem osobowym &#8211; ruch pozamiejski &#8211; lato"},"content":{"rendered":"\n<div class=\"wp-block-media-text has-media-on-the-right is-stacked-on-mobile is-style-default\" style=\"grid-template-columns:auto 25%\"><div class=\"wp-block-media-text__content\">\n<p><br>Re\u017c. Rados\u0142aw Sobecki<br>Prod.: Polska 1965, 14 min<\/p>\n\n\n\n<p>Film uczy w\u0142a\u015bciwego u\u017cytkowania samochodu osobowego.<\/p>\n\n\n\n<p><\/p>\n\n\n\n<p><\/p>\n<\/div><figure class=\"wp-block-media-text__media\"><img loading=\"lazy\" decoding=\"async\" width=\"713\" height=\"1024\" src=\"https:\/\/ilf.org.pl\/51\/wp-content\/uploads\/2024\/07\/75_lat_WFO-713x1024.jpg\" alt=\"\" class=\"wp-image-713 size-large\" srcset=\"https:\/\/ilf.org.pl\/51\/wp-content\/uploads\/2024\/07\/75_lat_WFO-713x1024.jpg 713w, https:\/\/ilf.org.pl\/51\/wp-content\/uploads\/2024\/07\/75_lat_WFO-209x300.jpg 209w, https:\/\/ilf.org.pl\/51\/wp-content\/uploads\/2024\/07\/75_lat_WFO-752x1080.jpg 752w, https:\/\/ilf.org.pl\/51\/wp-content\/uploads\/2024\/07\/75_lat_WFO.jpg 768w\" sizes=\"auto, (max-width: 713px) 100vw, 713px\" \/><\/figure><\/div>\n","protected":false},"excerpt":{"rendered":"<p>Re\u017c. Rados\u0142aw SobeckiProd.: Polska 1965, 14 min Film uczy w\u0142a\u015bciwego u\u017cytkowania samochodu osobowego.<\/p>\n","protected":false},"author":3,"featured_media":0,"parent":0,"menu_order":0,"comment_status":"closed","ping_status":"closed","template":"","meta":{"footnotes":""},"class_list":["post-875","page","type-page","status-publish","hentry"],"_links":{"self":[{"href":"https:\/\/ilf.org.pl\/51\/wp-json\/wp\/v2\/pages\/875","targetHints":{"allow":["GET"]}}],"collection":[{"href":"https:\/\/ilf.org.pl\/51\/wp-json\/wp\/v2\/pages"}],"about":[{"href":"https:\/\/ilf.org.pl\/51\/wp-json\/wp\/v2\/types\/page"}],"author":[{"embeddable":true,"href":"https:\/\/ilf.org.pl\/51\/wp-json\/wp\/v2\/users\/3"}],"replies":[{"embeddable":true,"href":"https:\/\/ilf.org.pl\/51\/wp-json\/wp\/v2\/comments?post=875"}],"version-history":[{"count":2,"href":"https:\/\/ilf.org.pl\/51\/wp-json\/wp\/v2\/pages\/875\/revisions"}],"predecessor-version":[{"id":880,"href":"https:\/\/ilf.org.pl\/51\/wp-json\/wp\/v2\/pages\/875\/revisions\/880"}],"wp:attachment":[{"href":"https:\/\/ilf.org.pl\/51\/wp-json\/wp\/v2\/media?parent=875"}],"curies":[{"name":"wp","href":"https:\/\/api.w.org\/{rel}","templated":true}]}}