{"id":838,"date":"2024-07-31T12:14:50","date_gmt":"2024-07-31T10:14:50","guid":{"rendered":"https:\/\/ilf.org.pl\/51\/?page_id=838"},"modified":"2024-07-31T12:14:50","modified_gmt":"2024-07-31T10:14:50","slug":"momo-i-lulu-2","status":"publish","type":"page","link":"https:\/\/ilf.org.pl\/51\/momo-i-lulu-2\/","title":{"rendered":"Momo i lulu"},"content":{"rendered":"\n<div class=\"wp-block-media-text has-media-on-the-right is-stacked-on-mobile is-style-default\" style=\"grid-template-columns:auto 25%\"><div class=\"wp-block-media-text__content\">\n<p><br>Re\u017c. Anita Kwiatkowska &#8211; Naqvi<br>Prod.: Polska 2023, 9 min<\/p>\n\n\n\n<p><\/p>\n\n\n\n<p><\/p>\n\n\n\n<p>Animowana historia mi\u0142osna dziej\u0105ca si\u0119 w podwodnej krainie. MoMo od pierwszego wejrzenia zakochuje si\u0119 w LuLu, ale zaraz stanie si\u0119 jasne, \u017ce nie mog\u0105 by\u0107 ze sob\u0105 szcz\u0119\u015bliwi.<\/p>\n<\/div><figure class=\"wp-block-media-text__media\"><img loading=\"lazy\" decoding=\"async\" width=\"565\" height=\"800\" src=\"https:\/\/ilf.org.pl\/51\/wp-content\/uploads\/2024\/07\/Momo-i-lulu-2.jpg\" alt=\"\" class=\"wp-image-839 size-large\" srcset=\"https:\/\/ilf.org.pl\/51\/wp-content\/uploads\/2024\/07\/Momo-i-lulu-2.jpg 565w, https:\/\/ilf.org.pl\/51\/wp-content\/uploads\/2024\/07\/Momo-i-lulu-2-212x300.jpg 212w\" sizes=\"auto, (max-width: 565px) 100vw, 565px\" \/><\/figure><\/div>\n","protected":false},"excerpt":{"rendered":"<p>Re\u017c. Anita Kwiatkowska &#8211; NaqviProd.: Polska 2023, 9 min Animowana historia mi\u0142osna dziej\u0105ca si\u0119 w podwodnej krainie. MoMo od pierwszego wejrzenia zakochuje si\u0119 w LuLu, ale zaraz stanie si\u0119 jasne, \u017ce nie mog\u0105 by\u0107 ze sob\u0105 szcz\u0119\u015bliwi.<\/p>\n","protected":false},"author":3,"featured_media":0,"parent":0,"menu_order":0,"comment_status":"closed","ping_status":"closed","template":"","meta":{"footnotes":""},"class_list":["post-838","page","type-page","status-publish","hentry"],"_links":{"self":[{"href":"https:\/\/ilf.org.pl\/51\/wp-json\/wp\/v2\/pages\/838","targetHints":{"allow":["GET"]}}],"collection":[{"href":"https:\/\/ilf.org.pl\/51\/wp-json\/wp\/v2\/pages"}],"about":[{"href":"https:\/\/ilf.org.pl\/51\/wp-json\/wp\/v2\/types\/page"}],"author":[{"embeddable":true,"href":"https:\/\/ilf.org.pl\/51\/wp-json\/wp\/v2\/users\/3"}],"replies":[{"embeddable":true,"href":"https:\/\/ilf.org.pl\/51\/wp-json\/wp\/v2\/comments?post=838"}],"version-history":[{"count":1,"href":"https:\/\/ilf.org.pl\/51\/wp-json\/wp\/v2\/pages\/838\/revisions"}],"predecessor-version":[{"id":840,"href":"https:\/\/ilf.org.pl\/51\/wp-json\/wp\/v2\/pages\/838\/revisions\/840"}],"wp:attachment":[{"href":"https:\/\/ilf.org.pl\/51\/wp-json\/wp\/v2\/media?parent=838"}],"curies":[{"name":"wp","href":"https:\/\/api.w.org\/{rel}","templated":true}]}}