{"id":818,"date":"2024-07-31T11:00:27","date_gmt":"2024-07-31T09:00:27","guid":{"rendered":"https:\/\/ilf.org.pl\/51\/?page_id=818"},"modified":"2024-07-31T11:00:27","modified_gmt":"2024-07-31T09:00:27","slug":"20-dni-w-mariupolu-3","status":"publish","type":"page","link":"https:\/\/ilf.org.pl\/51\/20-dni-w-mariupolu-3\/","title":{"rendered":"20 dni w Mariupolu"},"content":{"rendered":"\n<div class=\"wp-block-media-text has-media-on-the-right is-stacked-on-mobile is-style-default\" style=\"grid-template-columns:auto 25%\"><div class=\"wp-block-media-text__content\">\n<p>Oryginalny tytu\u0142: <strong>20 dniv v Mariupoli<\/strong><br>Re\u017c. Mstyslav Chernov<br>Prod.: Ukraina 2023, 94 min<\/p>\n\n\n\n<p><\/p>\n\n\n\n<p><\/p>\n\n\n\n<p>Bezkompromisowy dokument, kt\u00f3rego nie da si\u0119 zapomnie\u0107: relacja dokumentuj\u0105ca zag\u0142ad\u0119 tytu\u0142owego miasta, autorstwa jedynego dziennikarza, kt\u00f3ry pozosta\u0142 w\u00a0nim do\u00a0ko\u0144ca. Film Czernowa, kt\u00f3ry z\u00a0nara\u017ceniem \u017cycia rejestrowa\u0142 rosyjskie zbrodnie wojenne i\u00a0codzienne \u017cycie mieszka\u0144c\u00f3w Mariupola, to nie reporterski zapis wydarze\u0144, ale przeszywaj\u0105cy, pe\u0142en pasji dokumentalny akt oskar\u017cenia. A\u00a0jednocze\u015bnie pe\u0142noprawne filmowe dzie\u0142o, zrealizowane z\u00a0imponuj\u0105c\u0105 formaln\u0105 dyscyplin\u0105. Niewiele film\u00f3w ogl\u0105da si\u0119 w\u00a0takim napi\u0119ciu \u2013 od\u00a0pierwszych minut a\u017c po fina\u0142, ujawnia, w\u00a0jaki spos\u00f3b uda\u0142o si\u0119 wywie\u017a\u0107 ten materia\u0142 z\u00a0okupowanej strefy. Niewielu tw\u00f3rc\u00f3w z\u00a0tak\u0105 moc\u0105 pokazuje bezlitosne okrucie\u0144stwo wojny. Ale Czernow i\u00a0ekipa nie czyni\u0105 tego, by szokowa\u0107. Ich intencj\u0105 jest pozostawienie \u015bwiadectwa \u2013 i\u00a0wstrz\u0105\u015bni\u0119cie sumieniem \u015bwiata. Film tylko dla widz\u00f3w doros\u0142ych.<\/p>\n<\/div><figure class=\"wp-block-media-text__media\"><img loading=\"lazy\" decoding=\"async\" width=\"499\" height=\"721\" src=\"https:\/\/ilf.org.pl\/51\/wp-content\/uploads\/2024\/07\/20-dni-w-mariupolu-2.jpg\" alt=\"\" class=\"wp-image-819 size-large\" srcset=\"https:\/\/ilf.org.pl\/51\/wp-content\/uploads\/2024\/07\/20-dni-w-mariupolu-2.jpg 499w, https:\/\/ilf.org.pl\/51\/wp-content\/uploads\/2024\/07\/20-dni-w-mariupolu-2-208x300.jpg 208w\" sizes=\"auto, (max-width: 499px) 100vw, 499px\" \/><\/figure><\/div>\n","protected":false},"excerpt":{"rendered":"<p>Oryginalny tytu\u0142: 20 dniv v MariupoliRe\u017c. Mstyslav ChernovProd.: Ukraina 2023, 94 min Bezkompromisowy dokument, kt\u00f3rego nie da si\u0119 zapomnie\u0107: relacja dokumentuj\u0105ca zag\u0142ad\u0119 tytu\u0142owego miasta, autorstwa jedynego dziennikarza, kt\u00f3ry pozosta\u0142 w\u00a0nim do\u00a0ko\u0144ca. Film Czernowa, kt\u00f3ry z\u00a0nara\u017ceniem \u017cycia rejestrowa\u0142 rosyjskie zbrodnie wojenne i\u00a0codzienne \u017cycie mieszka\u0144c\u00f3w Mariupola, to nie reporterski zapis wydarze\u0144, ale przeszywaj\u0105cy, pe\u0142en pasji dokumentalny akt&hellip; <br \/> <a class=\"read-more\" href=\"https:\/\/ilf.org.pl\/51\/20-dni-w-mariupolu-3\/\">Dowiedz si\u0119 wi\u0119cej<\/a><\/p>\n","protected":false},"author":3,"featured_media":0,"parent":0,"menu_order":0,"comment_status":"closed","ping_status":"closed","template":"","meta":{"footnotes":""},"class_list":["post-818","page","type-page","status-publish","hentry"],"_links":{"self":[{"href":"https:\/\/ilf.org.pl\/51\/wp-json\/wp\/v2\/pages\/818","targetHints":{"allow":["GET"]}}],"collection":[{"href":"https:\/\/ilf.org.pl\/51\/wp-json\/wp\/v2\/pages"}],"about":[{"href":"https:\/\/ilf.org.pl\/51\/wp-json\/wp\/v2\/types\/page"}],"author":[{"embeddable":true,"href":"https:\/\/ilf.org.pl\/51\/wp-json\/wp\/v2\/users\/3"}],"replies":[{"embeddable":true,"href":"https:\/\/ilf.org.pl\/51\/wp-json\/wp\/v2\/comments?post=818"}],"version-history":[{"count":1,"href":"https:\/\/ilf.org.pl\/51\/wp-json\/wp\/v2\/pages\/818\/revisions"}],"predecessor-version":[{"id":820,"href":"https:\/\/ilf.org.pl\/51\/wp-json\/wp\/v2\/pages\/818\/revisions\/820"}],"wp:attachment":[{"href":"https:\/\/ilf.org.pl\/51\/wp-json\/wp\/v2\/media?parent=818"}],"curies":[{"name":"wp","href":"https:\/\/api.w.org\/{rel}","templated":true}]}}