{"id":806,"date":"2024-07-31T10:44:42","date_gmt":"2024-07-31T08:44:42","guid":{"rendered":"https:\/\/ilf.org.pl\/51\/?page_id=806"},"modified":"2024-07-31T10:44:42","modified_gmt":"2024-07-31T08:44:42","slug":"tyle-co-nic","status":"publish","type":"page","link":"https:\/\/ilf.org.pl\/51\/tyle-co-nic\/","title":{"rendered":"Tyle co nic"},"content":{"rendered":"\n<div class=\"wp-block-media-text has-media-on-the-right is-stacked-on-mobile is-style-default\" style=\"grid-template-columns:auto 25%\"><div class=\"wp-block-media-text__content\">\n<p><br>Re\u017c: Grzegorz D\u0119bowski<\/p>\n\n\n\n<p>Wyk.: Artur Paczesny, Agnieszka Kwietniewska, Monika Kwiatkowska<br>Prod.: Polska 2023, 92 min<\/p>\n\n\n\n<p><\/p>\n\n\n\n<p>Jarek (Artur Paczesny) to rolnik z krwi i ko\u015bci, kt\u00f3ry nie boi si\u0119 ci\u0119\u017ckiej pracy ani konfrontacji z w\u0142adz\u0105. Kiedy lokalny pose\u0142 zdradza interesy miejscowych, Jarek zostaje liderem protestu i organizuje pikiet\u0119 pod domem polityka. Nie wie, \u017ce wkr\u00f3tce znajdzie si\u0119 w samym \u015brodku mrocznej intrygi, kt\u00f3ra zagrozi jego bliskim i postawi pod znakiem zapytania wymarzon\u0105 przysz\u0142o\u015b\u0107\u2026<\/p>\n<\/div><figure class=\"wp-block-media-text__media\"><img loading=\"lazy\" decoding=\"async\" width=\"500\" height=\"719\" src=\"https:\/\/ilf.org.pl\/51\/wp-content\/uploads\/2024\/07\/Tyle-co-nic-1.jpg\" alt=\"\" class=\"wp-image-807 size-large\" srcset=\"https:\/\/ilf.org.pl\/51\/wp-content\/uploads\/2024\/07\/Tyle-co-nic-1.jpg 500w, https:\/\/ilf.org.pl\/51\/wp-content\/uploads\/2024\/07\/Tyle-co-nic-1-209x300.jpg 209w\" sizes=\"auto, (max-width: 500px) 100vw, 500px\" \/><\/figure><\/div>\n","protected":false},"excerpt":{"rendered":"<p>Re\u017c: Grzegorz D\u0119bowski Wyk.: Artur Paczesny, Agnieszka Kwietniewska, Monika KwiatkowskaProd.: Polska 2023, 92 min Jarek (Artur Paczesny) to rolnik z krwi i ko\u015bci, kt\u00f3ry nie boi si\u0119 ci\u0119\u017ckiej pracy ani konfrontacji z w\u0142adz\u0105. Kiedy lokalny pose\u0142 zdradza interesy miejscowych, Jarek zostaje liderem protestu i organizuje pikiet\u0119 pod domem polityka. Nie wie, \u017ce wkr\u00f3tce znajdzie si\u0119&hellip; <br \/> <a class=\"read-more\" href=\"https:\/\/ilf.org.pl\/51\/tyle-co-nic\/\">Dowiedz si\u0119 wi\u0119cej<\/a><\/p>\n","protected":false},"author":3,"featured_media":0,"parent":0,"menu_order":0,"comment_status":"closed","ping_status":"closed","template":"","meta":{"footnotes":""},"class_list":["post-806","page","type-page","status-publish","hentry"],"_links":{"self":[{"href":"https:\/\/ilf.org.pl\/51\/wp-json\/wp\/v2\/pages\/806","targetHints":{"allow":["GET"]}}],"collection":[{"href":"https:\/\/ilf.org.pl\/51\/wp-json\/wp\/v2\/pages"}],"about":[{"href":"https:\/\/ilf.org.pl\/51\/wp-json\/wp\/v2\/types\/page"}],"author":[{"embeddable":true,"href":"https:\/\/ilf.org.pl\/51\/wp-json\/wp\/v2\/users\/3"}],"replies":[{"embeddable":true,"href":"https:\/\/ilf.org.pl\/51\/wp-json\/wp\/v2\/comments?post=806"}],"version-history":[{"count":1,"href":"https:\/\/ilf.org.pl\/51\/wp-json\/wp\/v2\/pages\/806\/revisions"}],"predecessor-version":[{"id":808,"href":"https:\/\/ilf.org.pl\/51\/wp-json\/wp\/v2\/pages\/806\/revisions\/808"}],"wp:attachment":[{"href":"https:\/\/ilf.org.pl\/51\/wp-json\/wp\/v2\/media?parent=806"}],"curies":[{"name":"wp","href":"https:\/\/api.w.org\/{rel}","templated":true}]}}