{"id":791,"date":"2024-07-30T11:10:25","date_gmt":"2024-07-30T09:10:25","guid":{"rendered":"https:\/\/ilf.org.pl\/51\/?page_id=791"},"modified":"2024-07-30T11:10:25","modified_gmt":"2024-07-30T09:10:25","slug":"wysniona-historia-kina-na-podlasiu","status":"publish","type":"page","link":"https:\/\/ilf.org.pl\/51\/wysniona-historia-kina-na-podlasiu\/","title":{"rendered":"Wy\u015bniona historia kina na Podlasiu"},"content":{"rendered":"\n<div class=\"wp-block-media-text has-media-on-the-right is-stacked-on-mobile is-style-default\" style=\"grid-template-columns:auto 25%\"><div class=\"wp-block-media-text__content\">\n<p><\/p>\n\n\n\n<p>&#8222;Wy\u015bniona historia kina na Podlasiu&#8221; to wyprawa w przesz\u0142o\u015b\u0107, kt\u00f3r\u0105 odb\u0119dziemy z bohaterami 40 fotografii. Na zdj\u0119ciach wykonanych w archaicznej technice mokrego kolodionu mo\u017cna zobaczy\u0107 m.in. zdobywc\u00f3w Oscar\u00f3w i nominowanych do tej nagrody, czyli Andrzeja Wajd\u0119, Borisa Kaufmana i Benjamina Zemacha, ikon\u0119 kina dokumentalnego Dzig\u0119 Wiertowa, znane przedwojenne aktorki Nor\u0119 Ney, Renat\u0119 Radojewsk\u0105 i Tol\u0119 Mankiewicz\u00f3wn\u0119, gwiazdy kina i teatru jidysz Min\u0119 Bern i Miriam Kressin, wybitnych kompozytor\u00f3w muzyki filmowej: Misch\u0119 Spoliansky&#8217;ego, kt\u00f3ry odkry\u0142 Marlen\u0119 Dietrich oraz Jaya Gorneya, dzi\u0119ki kt\u00f3remu do filmu trafi\u0142a Shirley Temple, niezwyk\u0142\u0105 kostiumografk\u0119 i scenografk\u0119 Aleksandr\u0119 Ekster, jednego z czo\u0142owych operator\u00f3w polskiego kina Alberta Wywerk\u0119, a tak\u017ce wynalazc\u0119 Piotra Lebiedzi\u0144skiego, kt\u00f3ry konkurowa\u0142 z samymi bra\u0107mi Lumiere!<\/p>\n\n\n\n<p>Co ich \u0142\u0105czy\u0142o? Wszyscy urodzili si\u0119 w Bia\u0142ymstoku lub na Podlasiu oraz mieli realny wp\u0142yw na histori\u0119 nie tylko polskiego, ale i \u015bwiatowego kina!<\/p>\n\n\n\n<p>W postaci z przesz\u0142o\u015bci wcielili si\u0119 wsp\u00f3\u0142cze\u015bni arty\u015bci i tw\u00f3rcy, r\u00f3wnie\u017c zwi\u0105zani z Podlasiem. S\u0105 w\u015br\u00f3d nich aktorki i aktorzy: Magdalena Warzecha, Adam Woronowicz, Maria D\u0119bska, Katarzyna Herman, Monika Buchowiec, Pawe\u0142 Ma\u0142aszy\u0144ski, Cezary Kosi\u0144ski, Adam Bobik, Anna Grycewicz, Przemys\u0142aw Sadowski, Maciej Miko\u0142ajczyk, Julia Sacharczuk, Sylwia Janowicz-Dobrowolska, Paula Gogol, Artur Krajewski, Ryszard Doli\u0144ski i Rafa\u0142 Rutkowski. S\u0105 re\u017cyserki i re\u017cyserzy: Kinga D\u0119bska, Krzysztof Garbaczewski, Jan Bujnowski, Grzegorz Brzozowski, Ewa Borysewicz, duet Kijek\/Adamski, Przemek M\u0142y\u0144czyk, Agnieszka Waszczeniuk, Kobas Laksa, Wojciech Koronkiewicz, Szczepan Skibicki, Tomasz Wi\u015bniewski, Piotr Dylewski, Dariusz Szada-Borzyszkowski, Ireneusz Prokopiuk, Marek W\u0142odzimirow i Pawe\u0142 Nazaruk. Jest kostiumografka Ma\u0142gorzata Karpiuk, producent i za\u0142o\u017cyciel studia Platige Image Jaros\u0142aw Sawko, kompozytor Jaros\u0142aw Papaj, tw\u00f3rcy teatralni Dagmara Sowa i Pawe\u0142 Chomczyk, arty\u015bci wszechstronni Krzysztof Kiziewicz, J\u0119drzej Dondzi\u0142o, Krzysztof Szubzda i Maciej Szupica (i jego syn Konstanty), muzycy Alicja i Rafa\u0142 Grabowscy, wokalistka i tw\u00f3rczyni wideoklip\u00f3w Joanna Zubrycka oraz blisko zaprzyja\u017aniony z kultur\u0105 i filmem Piotr Doli\u0144ski.<\/p>\n\n\n\n<p>Pomys\u0142 wystawy i ca\u0142ego projektu narodzi\u0142 si\u0119 w 2021 roku w g\u0142owach cz\u0142onk\u00f3w kolektywu Kaufman Bros &amp; Sistas: dr Tomasza Adamskiego (filmoznawcy z Uniwersytetu w Bia\u0142ymstoku i niezale\u017cnego filmowca) i Macieja Ranta (niezale\u017cnego filmowca i dyrektora artystycznego festiwalu \u017bUBROFFKA) oraz fotografa i rekonstruktora fotografii XIX-wiecznej Andrzeja G\u00f3rskiego.<\/p>\n\n\n\n<p>Podsumowaniem projektu sta\u0142 si\u0119 wydany w pa\u017adzierniku 2022 roku wyj\u0105tkowy album &#8222;Wy\u015bniona historia kina na Podlasiu&#8221;, ze specjalnym wst\u0119pem krytyka filmowego \u0141ukasza Maciejewskiego. Album zaliczony zosta\u0142 w \u201eAktualno\u015bciach Filmowych\u201d Canal Plus przez Karolin\u0119 Korwin Piotrowsk\u0105 i \u0141ukasza Maciejewskiego do najciekawszych filmowych ksi\u0105\u017cek 2022 roku.<\/p>\n\n\n\n<p>Producentem wystawy i wydawc\u0105 albumu jest Bia\u0142ostocki O\u015brodek Kultury, album i wystawa powsta\u0142y w ramach Festiwalu Wsch\u00f3d Kultury \/ Inny Wymiar 2021 &#8211; 2022.<\/p>\n<\/div><figure class=\"wp-block-media-text__media\"><img loading=\"lazy\" decoding=\"async\" width=\"756\" height=\"1024\" src=\"https:\/\/ilf.org.pl\/51\/wp-content\/uploads\/2024\/07\/Wysniona-historia-756x1024.jpg\" alt=\"\" class=\"wp-image-792 size-large\" srcset=\"https:\/\/ilf.org.pl\/51\/wp-content\/uploads\/2024\/07\/Wysniona-historia-756x1024.jpg 756w, https:\/\/ilf.org.pl\/51\/wp-content\/uploads\/2024\/07\/Wysniona-historia-221x300.jpg 221w, https:\/\/ilf.org.pl\/51\/wp-content\/uploads\/2024\/07\/Wysniona-historia-768x1041.jpg 768w, https:\/\/ilf.org.pl\/51\/wp-content\/uploads\/2024\/07\/Wysniona-historia-1134x1536.jpg 1134w, https:\/\/ilf.org.pl\/51\/wp-content\/uploads\/2024\/07\/Wysniona-historia-1024x1388.jpg 1024w, https:\/\/ilf.org.pl\/51\/wp-content\/uploads\/2024\/07\/Wysniona-historia-797x1080.jpg 797w, https:\/\/ilf.org.pl\/51\/wp-content\/uploads\/2024\/07\/Wysniona-historia.jpg 1476w\" sizes=\"auto, (max-width: 756px) 100vw, 756px\" \/><\/figure><\/div>\n","protected":false},"excerpt":{"rendered":"<p>&#8222;Wy\u015bniona historia kina na Podlasiu&#8221; to wyprawa w przesz\u0142o\u015b\u0107, kt\u00f3r\u0105 odb\u0119dziemy z bohaterami 40 fotografii. Na zdj\u0119ciach wykonanych w archaicznej technice mokrego kolodionu mo\u017cna zobaczy\u0107 m.in. zdobywc\u00f3w Oscar\u00f3w i nominowanych do tej nagrody, czyli Andrzeja Wajd\u0119, Borisa Kaufmana i Benjamina Zemacha, ikon\u0119 kina dokumentalnego Dzig\u0119 Wiertowa, znane przedwojenne aktorki Nor\u0119 Ney, Renat\u0119 Radojewsk\u0105 i Tol\u0119&hellip; <br \/> <a class=\"read-more\" href=\"https:\/\/ilf.org.pl\/51\/wysniona-historia-kina-na-podlasiu\/\">Dowiedz si\u0119 wi\u0119cej<\/a><\/p>\n","protected":false},"author":3,"featured_media":0,"parent":0,"menu_order":0,"comment_status":"closed","ping_status":"closed","template":"","meta":{"footnotes":""},"class_list":["post-791","page","type-page","status-publish","hentry"],"_links":{"self":[{"href":"https:\/\/ilf.org.pl\/51\/wp-json\/wp\/v2\/pages\/791","targetHints":{"allow":["GET"]}}],"collection":[{"href":"https:\/\/ilf.org.pl\/51\/wp-json\/wp\/v2\/pages"}],"about":[{"href":"https:\/\/ilf.org.pl\/51\/wp-json\/wp\/v2\/types\/page"}],"author":[{"embeddable":true,"href":"https:\/\/ilf.org.pl\/51\/wp-json\/wp\/v2\/users\/3"}],"replies":[{"embeddable":true,"href":"https:\/\/ilf.org.pl\/51\/wp-json\/wp\/v2\/comments?post=791"}],"version-history":[{"count":1,"href":"https:\/\/ilf.org.pl\/51\/wp-json\/wp\/v2\/pages\/791\/revisions"}],"predecessor-version":[{"id":793,"href":"https:\/\/ilf.org.pl\/51\/wp-json\/wp\/v2\/pages\/791\/revisions\/793"}],"wp:attachment":[{"href":"https:\/\/ilf.org.pl\/51\/wp-json\/wp\/v2\/media?parent=791"}],"curies":[{"name":"wp","href":"https:\/\/api.w.org\/{rel}","templated":true}]}}