{"id":779,"date":"2024-07-30T10:42:17","date_gmt":"2024-07-30T08:42:17","guid":{"rendered":"https:\/\/ilf.org.pl\/51\/?page_id=779"},"modified":"2024-07-30T10:42:17","modified_gmt":"2024-07-30T08:42:17","slug":"zboze-roslo-jak-las-pamiec-o-pgr-ach","status":"publish","type":"page","link":"https:\/\/ilf.org.pl\/51\/zboze-roslo-jak-las-pamiec-o-pgr-ach\/","title":{"rendered":"Zbo\u017ce ros\u0142o jak las. Pami\u0119\u0107 o PGR-ach"},"content":{"rendered":"\n<p><\/p>\n\n\n\n<div class=\"wp-block-media-text has-media-on-the-right is-stacked-on-mobile is-style-default\" style=\"grid-template-columns:auto 25%\"><div class=\"wp-block-media-text__content\">\n<p><\/p>\n\n\n\n<p><\/p>\n\n\n\n<p>Spotkanie z reporta\u017cyst\u0105 &#8211; Bartoszem Pankiem. <\/p>\n\n\n\n<p>Nie ma jednej prawdy o\u00a0pegeerach, mimo \u017ce wszystkie powo\u0142ano do \u017cycia jednym dekretem i\u00a0zamkni\u0119to jedn\u0105 ustaw\u0105. Mia\u0142y gwarantowa\u0107 wydajno\u015b\u0107, stabilne zatrudnienie i\u00a0post\u0119p techniczny wsi. Na niemal p\u00f3\u0142 wieku zdominowa\u0142y jej pejza\u017c, cho\u0107 tworzono je r\u00f3wnie\u017c na terenie miast. Jednak rzeczywisto\u015b\u0107 zweryfikowa\u0142a wielkie plany i\u00a0propagandowe postulaty w\u0142adzy. Jak si\u0119 okaza\u0142o, ka\u017cde pa\u0144stwowe gospodarstwo rolne by\u0142o osobnym organizmem, zarz\u0105dzanym lepiej lub gorzej.<\/p>\n\n\n\n<p>Przygl\u0105daj\u0105c si\u0119 wnikliwie codzienno\u015bci ich mieszka\u0144c\u00f3w, Bartosz Panek zadaje pytania: ile naprawd\u0119 wiedzieli rz\u0105dz\u0105cy o&nbsp;funkcjonowaniu kombinat\u00f3w? Jak wygl\u0105da\u0142o \u017cycie ludzi, kt\u00f3rzy wzi\u0119li udzia\u0142 w&nbsp;tym wielkim projekcie? Jak od \u015brodka wygl\u0105da\u0142 proces prywatyzacji? Jakie s\u0105 materialne i&nbsp;niematerialne \u015blady po pegeerach? I&nbsp;wreszcie \u2013 czy popegeerowskie pochodzenie wci\u0105\u017c jest stygmatem? Rozmawia z&nbsp;dyrektorami wzorcowych kombinat\u00f3w, kt\u00f3rzy czasy post\u0119pu, usystematyzowanej pracy i&nbsp;zorganizowanego \u017cycia po godzinach wspominaj\u0105 z&nbsp;nostalgi\u0105. O&nbsp;ci\u0119\u017ck\u0105 prac\u0119 w&nbsp;cz\u0119sto sparta\u0144skich warunkach pyta tych, kt\u00f3rzy \u2013 zm\u0119czeni okupacj\u0105 i&nbsp;tu\u0142aczk\u0105 \u2013 z&nbsp;r\u00f3\u017cnych zak\u0105tk\u00f3w Polski przyje\u017cd\u017cali w&nbsp;poszukiwaniu zatrudnienia. Wczytuje si\u0119 w&nbsp;artyku\u0142y, opracowania naukowe, \u015bledzi relacje medi\u00f3w, kt\u00f3re otwarcie m\u00f3wi\u0142y o&nbsp;rzekomo wyuczonej bezradno\u015bci mieszka\u0144c\u00f3w pegeer\u00f3w. Sprawdza te\u017c, co zosta\u0142o z&nbsp;kombinat\u00f3w trzydzie\u015bci lat od ich likwidacji.<\/p>\n\n\n\n<p><em>Zbo\u017ce ros\u0142o jak las<\/em> to reporterska pr\u00f3ba odpowiedzi na pytanie \u2013 czy wsz\u0119dzie by\u0142o a\u017c tak \u017ale?<\/p>\n<\/div><figure class=\"wp-block-media-text__media\"><img loading=\"lazy\" decoding=\"async\" width=\"636\" height=\"1024\" src=\"https:\/\/ilf.org.pl\/51\/wp-content\/uploads\/2024\/07\/zboze-636x1024.jpg\" alt=\"\" class=\"wp-image-780 size-large\" srcset=\"https:\/\/ilf.org.pl\/51\/wp-content\/uploads\/2024\/07\/zboze-636x1024.jpg 636w, https:\/\/ilf.org.pl\/51\/wp-content\/uploads\/2024\/07\/zboze-186x300.jpg 186w, https:\/\/ilf.org.pl\/51\/wp-content\/uploads\/2024\/07\/zboze-768x1236.jpg 768w, https:\/\/ilf.org.pl\/51\/wp-content\/uploads\/2024\/07\/zboze-955x1536.jpg 955w, https:\/\/ilf.org.pl\/51\/wp-content\/uploads\/2024\/07\/zboze-1273x2048.jpg 1273w, https:\/\/ilf.org.pl\/51\/wp-content\/uploads\/2024\/07\/zboze-1024x1648.jpg 1024w, https:\/\/ilf.org.pl\/51\/wp-content\/uploads\/2024\/07\/zboze-671x1080.jpg 671w, https:\/\/ilf.org.pl\/51\/wp-content\/uploads\/2024\/07\/zboze.jpg 1591w\" sizes=\"auto, (max-width: 636px) 100vw, 636px\" \/><\/figure><\/div>\n","protected":false},"excerpt":{"rendered":"<p>Spotkanie z reporta\u017cyst\u0105 &#8211; Bartoszem Pankiem. Nie ma jednej prawdy o\u00a0pegeerach, mimo \u017ce wszystkie powo\u0142ano do \u017cycia jednym dekretem i\u00a0zamkni\u0119to jedn\u0105 ustaw\u0105. Mia\u0142y gwarantowa\u0107 wydajno\u015b\u0107, stabilne zatrudnienie i\u00a0post\u0119p techniczny wsi. Na niemal p\u00f3\u0142 wieku zdominowa\u0142y jej pejza\u017c, cho\u0107 tworzono je r\u00f3wnie\u017c na terenie miast. Jednak rzeczywisto\u015b\u0107 zweryfikowa\u0142a wielkie plany i\u00a0propagandowe postulaty w\u0142adzy. Jak si\u0119 okaza\u0142o,&hellip; <br \/> <a class=\"read-more\" href=\"https:\/\/ilf.org.pl\/51\/zboze-roslo-jak-las-pamiec-o-pgr-ach\/\">Dowiedz si\u0119 wi\u0119cej<\/a><\/p>\n","protected":false},"author":3,"featured_media":0,"parent":0,"menu_order":0,"comment_status":"closed","ping_status":"closed","template":"","meta":{"footnotes":""},"class_list":["post-779","page","type-page","status-publish","hentry"],"_links":{"self":[{"href":"https:\/\/ilf.org.pl\/51\/wp-json\/wp\/v2\/pages\/779","targetHints":{"allow":["GET"]}}],"collection":[{"href":"https:\/\/ilf.org.pl\/51\/wp-json\/wp\/v2\/pages"}],"about":[{"href":"https:\/\/ilf.org.pl\/51\/wp-json\/wp\/v2\/types\/page"}],"author":[{"embeddable":true,"href":"https:\/\/ilf.org.pl\/51\/wp-json\/wp\/v2\/users\/3"}],"replies":[{"embeddable":true,"href":"https:\/\/ilf.org.pl\/51\/wp-json\/wp\/v2\/comments?post=779"}],"version-history":[{"count":1,"href":"https:\/\/ilf.org.pl\/51\/wp-json\/wp\/v2\/pages\/779\/revisions"}],"predecessor-version":[{"id":781,"href":"https:\/\/ilf.org.pl\/51\/wp-json\/wp\/v2\/pages\/779\/revisions\/781"}],"wp:attachment":[{"href":"https:\/\/ilf.org.pl\/51\/wp-json\/wp\/v2\/media?parent=779"}],"curies":[{"name":"wp","href":"https:\/\/api.w.org\/{rel}","templated":true}]}}