{"id":718,"date":"2024-07-26T23:02:56","date_gmt":"2024-07-26T21:02:56","guid":{"rendered":"https:\/\/ilf.org.pl\/51\/?page_id=718"},"modified":"2024-07-26T23:02:56","modified_gmt":"2024-07-26T21:02:56","slug":"slimaki","status":"publish","type":"page","link":"https:\/\/ilf.org.pl\/51\/slimaki\/","title":{"rendered":"\u015alimaki"},"content":{"rendered":"\n<div class=\"wp-block-media-text has-media-on-the-right is-stacked-on-mobile is-style-default\" style=\"grid-template-columns:auto 25%\"><div class=\"wp-block-media-text__content\">\n<p><br>Re\u017c. Jerzy Bezkowski<br>Prod.: Polska 1979, 14 min<\/p>\n\n\n\n<p><\/p>\n\n\n\n<p><\/p>\n\n\n\n<p>Filmowa opowie\u015b\u0107 o \u015blimakach, kt\u00f3rych populacja w Polsce liczy 220 gatunk\u00f3w. Pokazano najpopularniejszego w Polsce \u015blimaka winniczka. Jego cia\u0142o sk\u0142ada si\u0119 g\u0142\u00f3wnie z nogi sp\u0142aszczonej u do\u0142u w podeszw\u0119 s\u0142u\u017c\u0105c\u0105 do pe\u0142zania. Na nodze osadzona jest g\u0142owa, po stronie grzbietowej znajduje si\u0119 p\u0142aszcz, a na nim muszla. Silny mi\u0119sie\u0144, tzw. wrzeciono, umo\u017cliwia \u015blimakowi wci\u0105ganie cia\u0142a do wn\u0119trza muszli. Unikatowe zdj\u0119cia filmowe umo\u017cliwiaj\u0105 bezpo\u015bredni\u0105 obserwacj\u0119 najwa\u017cniejszych czynno\u015bci \u017cyciowych \u015blimaka.<\/p>\n<\/div><figure class=\"wp-block-media-text__media\"><img loading=\"lazy\" decoding=\"async\" width=\"713\" height=\"1024\" src=\"https:\/\/ilf.org.pl\/51\/wp-content\/uploads\/2024\/07\/75_lat_WFO-713x1024.jpg\" alt=\"\" class=\"wp-image-713 size-large\" srcset=\"https:\/\/ilf.org.pl\/51\/wp-content\/uploads\/2024\/07\/75_lat_WFO-713x1024.jpg 713w, https:\/\/ilf.org.pl\/51\/wp-content\/uploads\/2024\/07\/75_lat_WFO-209x300.jpg 209w, https:\/\/ilf.org.pl\/51\/wp-content\/uploads\/2024\/07\/75_lat_WFO-752x1080.jpg 752w, https:\/\/ilf.org.pl\/51\/wp-content\/uploads\/2024\/07\/75_lat_WFO.jpg 768w\" sizes=\"auto, (max-width: 713px) 100vw, 713px\" \/><\/figure><\/div>\n","protected":false},"excerpt":{"rendered":"<p>Re\u017c. Jerzy BezkowskiProd.: Polska 1979, 14 min Filmowa opowie\u015b\u0107 o \u015blimakach, kt\u00f3rych populacja w Polsce liczy 220 gatunk\u00f3w. Pokazano najpopularniejszego w Polsce \u015blimaka winniczka. Jego cia\u0142o sk\u0142ada si\u0119 g\u0142\u00f3wnie z nogi sp\u0142aszczonej u do\u0142u w podeszw\u0119 s\u0142u\u017c\u0105c\u0105 do pe\u0142zania. Na nodze osadzona jest g\u0142owa, po stronie grzbietowej znajduje si\u0119 p\u0142aszcz, a na nim muszla. Silny&hellip; <br \/> <a class=\"read-more\" href=\"https:\/\/ilf.org.pl\/51\/slimaki\/\">Dowiedz si\u0119 wi\u0119cej<\/a><\/p>\n","protected":false},"author":3,"featured_media":0,"parent":0,"menu_order":0,"comment_status":"closed","ping_status":"closed","template":"","meta":{"footnotes":""},"class_list":["post-718","page","type-page","status-publish","hentry"],"_links":{"self":[{"href":"https:\/\/ilf.org.pl\/51\/wp-json\/wp\/v2\/pages\/718","targetHints":{"allow":["GET"]}}],"collection":[{"href":"https:\/\/ilf.org.pl\/51\/wp-json\/wp\/v2\/pages"}],"about":[{"href":"https:\/\/ilf.org.pl\/51\/wp-json\/wp\/v2\/types\/page"}],"author":[{"embeddable":true,"href":"https:\/\/ilf.org.pl\/51\/wp-json\/wp\/v2\/users\/3"}],"replies":[{"embeddable":true,"href":"https:\/\/ilf.org.pl\/51\/wp-json\/wp\/v2\/comments?post=718"}],"version-history":[{"count":1,"href":"https:\/\/ilf.org.pl\/51\/wp-json\/wp\/v2\/pages\/718\/revisions"}],"predecessor-version":[{"id":719,"href":"https:\/\/ilf.org.pl\/51\/wp-json\/wp\/v2\/pages\/718\/revisions\/719"}],"wp:attachment":[{"href":"https:\/\/ilf.org.pl\/51\/wp-json\/wp\/v2\/media?parent=718"}],"curies":[{"name":"wp","href":"https:\/\/api.w.org\/{rel}","templated":true}]}}