{"id":587,"date":"2024-07-24T22:19:32","date_gmt":"2024-07-24T20:19:32","guid":{"rendered":"https:\/\/ilf.org.pl\/51\/?page_id=587"},"modified":"2024-07-24T22:19:32","modified_gmt":"2024-07-24T20:19:32","slug":"innego-konca-nie-bedzie","status":"publish","type":"page","link":"https:\/\/ilf.org.pl\/51\/innego-konca-nie-bedzie\/","title":{"rendered":"Innego ko\u0144ca nie b\u0119dzie"},"content":{"rendered":"\n<div class=\"wp-block-media-text has-media-on-the-right is-stacked-on-mobile is-style-default\" style=\"grid-template-columns:auto 25%\"><div class=\"wp-block-media-text__content\">\n<p><br>Re\u017c: Piotr Milczarek<br>Prod.: Polska 2024, 8 min<\/p>\n\n\n\n<p><\/p>\n\n\n\n<p>Satyra spo\u0142eczno-obyczajowa, opowiadaj\u0105ca w pi\u0119ciu aktach o nas, o spo\u0142ecze\u0144stwie, jego zachowaniach i wadach. Ukazana za pomoc\u0105 lekkiej i atrakcyjnej plastyki historia jest ostrze\u017ceniem o skutkach, jakie mog\u0105 zaistnie\u0107 je\u015bli nie wyzb\u0119dziemy si\u0119 g\u0142upich zachowa\u0144, braku empatii i braku odpowiedzialno\u015bci.<\/p>\n<\/div><figure class=\"wp-block-media-text__media\"><img loading=\"lazy\" decoding=\"async\" width=\"499\" height=\"701\" src=\"https:\/\/ilf.org.pl\/51\/wp-content\/uploads\/2024\/07\/Innego-konca-nie.jpg\" alt=\"\" class=\"wp-image-588 size-large\" srcset=\"https:\/\/ilf.org.pl\/51\/wp-content\/uploads\/2024\/07\/Innego-konca-nie.jpg 499w, https:\/\/ilf.org.pl\/51\/wp-content\/uploads\/2024\/07\/Innego-konca-nie-214x300.jpg 214w\" sizes=\"auto, (max-width: 499px) 100vw, 499px\" \/><\/figure><\/div>\n","protected":false},"excerpt":{"rendered":"<p>Re\u017c: Piotr MilczarekProd.: Polska 2024, 8 min Satyra spo\u0142eczno-obyczajowa, opowiadaj\u0105ca w pi\u0119ciu aktach o nas, o spo\u0142ecze\u0144stwie, jego zachowaniach i wadach. Ukazana za pomoc\u0105 lekkiej i atrakcyjnej plastyki historia jest ostrze\u017ceniem o skutkach, jakie mog\u0105 zaistnie\u0107 je\u015bli nie wyzb\u0119dziemy si\u0119 g\u0142upich zachowa\u0144, braku empatii i braku odpowiedzialno\u015bci.<\/p>\n","protected":false},"author":3,"featured_media":0,"parent":0,"menu_order":0,"comment_status":"closed","ping_status":"closed","template":"","meta":{"footnotes":""},"class_list":["post-587","page","type-page","status-publish","hentry"],"_links":{"self":[{"href":"https:\/\/ilf.org.pl\/51\/wp-json\/wp\/v2\/pages\/587","targetHints":{"allow":["GET"]}}],"collection":[{"href":"https:\/\/ilf.org.pl\/51\/wp-json\/wp\/v2\/pages"}],"about":[{"href":"https:\/\/ilf.org.pl\/51\/wp-json\/wp\/v2\/types\/page"}],"author":[{"embeddable":true,"href":"https:\/\/ilf.org.pl\/51\/wp-json\/wp\/v2\/users\/3"}],"replies":[{"embeddable":true,"href":"https:\/\/ilf.org.pl\/51\/wp-json\/wp\/v2\/comments?post=587"}],"version-history":[{"count":1,"href":"https:\/\/ilf.org.pl\/51\/wp-json\/wp\/v2\/pages\/587\/revisions"}],"predecessor-version":[{"id":589,"href":"https:\/\/ilf.org.pl\/51\/wp-json\/wp\/v2\/pages\/587\/revisions\/589"}],"wp:attachment":[{"href":"https:\/\/ilf.org.pl\/51\/wp-json\/wp\/v2\/media?parent=587"}],"curies":[{"name":"wp","href":"https:\/\/api.w.org\/{rel}","templated":true}]}}