{"id":492,"date":"2024-07-24T14:23:38","date_gmt":"2024-07-24T12:23:38","guid":{"rendered":"https:\/\/ilf.org.pl\/51\/?page_id=492"},"modified":"2024-07-24T14:23:38","modified_gmt":"2024-07-24T12:23:38","slug":"kraksa","status":"publish","type":"page","link":"https:\/\/ilf.org.pl\/51\/kraksa\/","title":{"rendered":"Kraksa"},"content":{"rendered":"\n<div class=\"wp-block-media-text has-media-on-the-right is-stacked-on-mobile is-style-default\" style=\"grid-template-columns:auto 25%\"><div class=\"wp-block-media-text__content\">\n<p><br>Re\u017c: Edwart Etler<br>Prod.: Polska 1963, 17 min<\/p>\n\n\n\n<p><\/p>\n\n\n\n<p>Film z muzyk\u0105 Krzysztofa Komedy o wyd\u017awi\u0119ku moralizatorskim. M\u0142oda para udaje si\u0119 na przeja\u017cd\u017ck\u0119 samochodem. Na skutek nierozwa\u017cnego prowadzenia dochodzi do wypadku. Dziewczyna znajduje si\u0119 w szpitalu.<\/p>\n<\/div><figure class=\"wp-block-media-text__media\"><img loading=\"lazy\" decoding=\"async\" width=\"713\" height=\"1024\" src=\"https:\/\/ilf.org.pl\/51\/wp-content\/uploads\/2024\/07\/75-lat-WFO-713x1024.webp\" alt=\"\" class=\"wp-image-493 size-large\" srcset=\"https:\/\/ilf.org.pl\/51\/wp-content\/uploads\/2024\/07\/75-lat-WFO-713x1024.webp 713w, https:\/\/ilf.org.pl\/51\/wp-content\/uploads\/2024\/07\/75-lat-WFO-209x300.webp 209w, https:\/\/ilf.org.pl\/51\/wp-content\/uploads\/2024\/07\/75-lat-WFO-752x1080.webp 752w, https:\/\/ilf.org.pl\/51\/wp-content\/uploads\/2024\/07\/75-lat-WFO.webp 768w\" sizes=\"auto, (max-width: 713px) 100vw, 713px\" \/><\/figure><\/div>\n","protected":false},"excerpt":{"rendered":"<p>Re\u017c: Edwart EtlerProd.: Polska 1963, 17 min Film z muzyk\u0105 Krzysztofa Komedy o wyd\u017awi\u0119ku moralizatorskim. M\u0142oda para udaje si\u0119 na przeja\u017cd\u017ck\u0119 samochodem. Na skutek nierozwa\u017cnego prowadzenia dochodzi do wypadku. Dziewczyna znajduje si\u0119 w szpitalu.<\/p>\n","protected":false},"author":3,"featured_media":0,"parent":0,"menu_order":0,"comment_status":"closed","ping_status":"closed","template":"","meta":{"footnotes":""},"class_list":["post-492","page","type-page","status-publish","hentry"],"_links":{"self":[{"href":"https:\/\/ilf.org.pl\/51\/wp-json\/wp\/v2\/pages\/492","targetHints":{"allow":["GET"]}}],"collection":[{"href":"https:\/\/ilf.org.pl\/51\/wp-json\/wp\/v2\/pages"}],"about":[{"href":"https:\/\/ilf.org.pl\/51\/wp-json\/wp\/v2\/types\/page"}],"author":[{"embeddable":true,"href":"https:\/\/ilf.org.pl\/51\/wp-json\/wp\/v2\/users\/3"}],"replies":[{"embeddable":true,"href":"https:\/\/ilf.org.pl\/51\/wp-json\/wp\/v2\/comments?post=492"}],"version-history":[{"count":1,"href":"https:\/\/ilf.org.pl\/51\/wp-json\/wp\/v2\/pages\/492\/revisions"}],"predecessor-version":[{"id":494,"href":"https:\/\/ilf.org.pl\/51\/wp-json\/wp\/v2\/pages\/492\/revisions\/494"}],"wp:attachment":[{"href":"https:\/\/ilf.org.pl\/51\/wp-json\/wp\/v2\/media?parent=492"}],"curies":[{"name":"wp","href":"https:\/\/api.w.org\/{rel}","templated":true}]}}