{"id":465,"date":"2024-07-24T00:18:32","date_gmt":"2024-07-23T22:18:32","guid":{"rendered":"https:\/\/ilf.org.pl\/51\/?page_id=465"},"modified":"2024-07-24T00:18:32","modified_gmt":"2024-07-23T22:18:32","slug":"wszystko-ma-zyc","status":"publish","type":"page","link":"https:\/\/ilf.org.pl\/51\/wszystko-ma-zyc\/","title":{"rendered":"Wszystko ma \u017cy\u0107"},"content":{"rendered":"\n<p><br>Re\u017c: <a href=\"https:\/\/www.filmweb.pl\/person\/Tetyana+Dorodnitsyna-3141168\">Tetyana Dorodnitsyna<\/a><br>Prod.: Polska\/Ukraina 2023, 70 min<\/p>\n\n\n\n<div class=\"wp-block-media-text has-media-on-the-right is-stacked-on-mobile is-style-default\" style=\"grid-template-columns:auto 25%\"><div class=\"wp-block-media-text__content\">\n<p>Kiedy ca\u0142y \u015bwiat wok\u00f3\u0142 niej pogr\u0105\u017ca si\u0119 w ciemno\u015bci, Anna, najsilniejsza kobieta na \u015bwiecie, decyduje si\u0119 pozosta\u0107 na Ukrainie, aby ratowa\u0107 najbardziej bezbronnych &#8211; zwierz\u0119ta. Swoim bezinteresownym podej\u015bciem i optymizmem zara\u017ca szybko lokaln\u0105 spo\u0142eczno\u015b\u0107, a dzi\u0119ki sile medi\u00f3w spo\u0142eczno\u015bciowych dociera daleko poza granice Ukrainy.<\/p>\n\n\n\n<p><\/p>\n<\/div><figure class=\"wp-block-media-text__media\"><img loading=\"lazy\" decoding=\"async\" width=\"500\" height=\"704\" src=\"https:\/\/ilf.org.pl\/51\/wp-content\/uploads\/2024\/07\/Wszystko-ma-zyc.jpg\" alt=\"\" class=\"wp-image-466 size-large\" srcset=\"https:\/\/ilf.org.pl\/51\/wp-content\/uploads\/2024\/07\/Wszystko-ma-zyc.jpg 500w, https:\/\/ilf.org.pl\/51\/wp-content\/uploads\/2024\/07\/Wszystko-ma-zyc-213x300.jpg 213w\" sizes=\"auto, (max-width: 500px) 100vw, 500px\" \/><\/figure><\/div>\n","protected":false},"excerpt":{"rendered":"<p>Re\u017c: Tetyana DorodnitsynaProd.: Polska\/Ukraina 2023, 70 min Kiedy ca\u0142y \u015bwiat wok\u00f3\u0142 niej pogr\u0105\u017ca si\u0119 w ciemno\u015bci, Anna, najsilniejsza kobieta na \u015bwiecie, decyduje si\u0119 pozosta\u0107 na Ukrainie, aby ratowa\u0107 najbardziej bezbronnych &#8211; zwierz\u0119ta. Swoim bezinteresownym podej\u015bciem i optymizmem zara\u017ca szybko lokaln\u0105 spo\u0142eczno\u015b\u0107, a dzi\u0119ki sile medi\u00f3w spo\u0142eczno\u015bciowych dociera daleko poza granice Ukrainy.<\/p>\n","protected":false},"author":3,"featured_media":0,"parent":0,"menu_order":0,"comment_status":"closed","ping_status":"closed","template":"","meta":{"footnotes":""},"class_list":["post-465","page","type-page","status-publish","hentry"],"_links":{"self":[{"href":"https:\/\/ilf.org.pl\/51\/wp-json\/wp\/v2\/pages\/465","targetHints":{"allow":["GET"]}}],"collection":[{"href":"https:\/\/ilf.org.pl\/51\/wp-json\/wp\/v2\/pages"}],"about":[{"href":"https:\/\/ilf.org.pl\/51\/wp-json\/wp\/v2\/types\/page"}],"author":[{"embeddable":true,"href":"https:\/\/ilf.org.pl\/51\/wp-json\/wp\/v2\/users\/3"}],"replies":[{"embeddable":true,"href":"https:\/\/ilf.org.pl\/51\/wp-json\/wp\/v2\/comments?post=465"}],"version-history":[{"count":1,"href":"https:\/\/ilf.org.pl\/51\/wp-json\/wp\/v2\/pages\/465\/revisions"}],"predecessor-version":[{"id":467,"href":"https:\/\/ilf.org.pl\/51\/wp-json\/wp\/v2\/pages\/465\/revisions\/467"}],"wp:attachment":[{"href":"https:\/\/ilf.org.pl\/51\/wp-json\/wp\/v2\/media?parent=465"}],"curies":[{"name":"wp","href":"https:\/\/api.w.org\/{rel}","templated":true}]}}