{"id":458,"date":"2024-07-24T00:05:17","date_gmt":"2024-07-23T22:05:17","guid":{"rendered":"https:\/\/ilf.org.pl\/51\/?page_id=458"},"modified":"2024-07-28T19:52:26","modified_gmt":"2024-07-28T17:52:26","slug":"458-2","status":"publish","type":"page","link":"https:\/\/ilf.org.pl\/51\/458-2\/","title":{"rendered":"B\u0119kart"},"content":{"rendered":"\n<div class=\"wp-block-media-text has-media-on-the-right is-stacked-on-mobile is-style-default\" style=\"grid-template-columns:auto 25%\"><div class=\"wp-block-media-text__content\">\n<p>Oryginalny tytu\u0142: <strong>Bastarden<\/strong><br>Re\u017c: Nikolaj Arcel<br>Wyk. Mads Mikkelsen, Amanda Collin, Simon Bennebjerg, Melina Hagberg<br>Prod.: Dania\/Szwecja\/Niemcy 2023, 127 min<\/p>\n\n\n\n<p><\/p>\n\n\n\n<p>Weteran wojenny postanawia zbudowa\u0107 koloni\u0119 na nieurodzajnych wrzosowiskach jutlandzkich. Uzyskuj\u0105c zgod\u0119 kr\u00f3la, jego wrogiem staje si\u0119 lokalny w\u0142a\u015bciciel ziemski.<\/p>\n<\/div><figure class=\"wp-block-media-text__media\"><img loading=\"lazy\" decoding=\"async\" width=\"500\" height=\"722\" src=\"https:\/\/ilf.org.pl\/51\/wp-content\/uploads\/2024\/07\/bekart.jpg\" alt=\"\" class=\"wp-image-459 size-large\" srcset=\"https:\/\/ilf.org.pl\/51\/wp-content\/uploads\/2024\/07\/bekart.jpg 500w, https:\/\/ilf.org.pl\/51\/wp-content\/uploads\/2024\/07\/bekart-208x300.jpg 208w\" sizes=\"auto, (max-width: 500px) 100vw, 500px\" \/><\/figure><\/div>\n","protected":false},"excerpt":{"rendered":"<p>Oryginalny tytu\u0142: BastardenRe\u017c: Nikolaj ArcelWyk. Mads Mikkelsen, Amanda Collin, Simon Bennebjerg, Melina HagbergProd.: Dania\/Szwecja\/Niemcy 2023, 127 min Weteran wojenny postanawia zbudowa\u0107 koloni\u0119 na nieurodzajnych wrzosowiskach jutlandzkich. Uzyskuj\u0105c zgod\u0119 kr\u00f3la, jego wrogiem staje si\u0119 lokalny w\u0142a\u015bciciel ziemski.<\/p>\n","protected":false},"author":3,"featured_media":0,"parent":0,"menu_order":0,"comment_status":"closed","ping_status":"closed","template":"","meta":{"footnotes":""},"class_list":["post-458","page","type-page","status-publish","hentry"],"_links":{"self":[{"href":"https:\/\/ilf.org.pl\/51\/wp-json\/wp\/v2\/pages\/458","targetHints":{"allow":["GET"]}}],"collection":[{"href":"https:\/\/ilf.org.pl\/51\/wp-json\/wp\/v2\/pages"}],"about":[{"href":"https:\/\/ilf.org.pl\/51\/wp-json\/wp\/v2\/types\/page"}],"author":[{"embeddable":true,"href":"https:\/\/ilf.org.pl\/51\/wp-json\/wp\/v2\/users\/3"}],"replies":[{"embeddable":true,"href":"https:\/\/ilf.org.pl\/51\/wp-json\/wp\/v2\/comments?post=458"}],"version-history":[{"count":3,"href":"https:\/\/ilf.org.pl\/51\/wp-json\/wp\/v2\/pages\/458\/revisions"}],"predecessor-version":[{"id":764,"href":"https:\/\/ilf.org.pl\/51\/wp-json\/wp\/v2\/pages\/458\/revisions\/764"}],"wp:attachment":[{"href":"https:\/\/ilf.org.pl\/51\/wp-json\/wp\/v2\/media?parent=458"}],"curies":[{"name":"wp","href":"https:\/\/api.w.org\/{rel}","templated":true}]}}