{"id":443,"date":"2024-07-23T23:30:54","date_gmt":"2024-07-23T21:30:54","guid":{"rendered":"https:\/\/ilf.org.pl\/51\/?page_id=443"},"modified":"2024-07-26T01:19:13","modified_gmt":"2024-07-25T23:19:13","slug":"danger-zone","status":"publish","type":"page","link":"https:\/\/ilf.org.pl\/51\/danger-zone\/","title":{"rendered":"Danger Zone"},"content":{"rendered":"\n<div class=\"wp-block-media-text has-media-on-the-right is-stacked-on-mobile is-style-default\" style=\"grid-template-columns:auto 25%\"><div class=\"wp-block-media-text__content\">\n<p><br>Re\u017c: Vita Drygas<br>Prod.: Polska\/Wielka Brytania\/Belgia\/Ukraina 2023, 92 min<\/p>\n\n\n\n<p><\/p>\n\n\n\n<p>W konkurencyjnym \u015bwiecie turystyki niewiele jest dzisiaj do\u015bwiadcze\u0144, kt\u00f3re s\u0105 nieosi\u0105galne. &#8222;Danger Zone&#8221; zag\u0142\u0119bia si\u0119 w \u015bwiat turystyki wojennej, zaspokajaj\u0105cej rosn\u0105cy rynek na coraz rzadsze i ekstremalne do\u015bwiadczenia. Turystom obiecuje si\u0119 akcje na pierwszej linii frontu, z prawdziw\u0105 amunicj\u0105, prawdziwymi bitwami i prawdziwym niebezpiecze\u0144stwem. Wojna sta\u0142a si\u0119 produktem luksusowym, towarem, kt\u00f3ry mo\u017cna kupi\u0107 i sprzeda\u0107, a organizatorzy wycieczek s\u0105 zdesperowani, aby wej\u015b\u0107 do rozwijaj\u0105cego si\u0119 biznesu. Ta moralnie dwuznaczna bran\u017ca turystyczna prowadzi do zderzenia dw\u00f3ch \u015bwiat\u00f3w: \u017c\u0105dnych wra\u017ce\u0144 turyst\u00f3w i ludzi z\u0142apanych w krzy\u017cowy ogie\u0144 konfliktu, kt\u00f3rzy nie maj\u0105 luksusu i przywileju wyboru. &#8222;Danger Zone&#8221; zadaje pytanie: co pozostaje turystom po zastanowieniu, czy u\u015bwiadamiaj\u0105 sobie, jakie maj\u0105 szcz\u0119\u015bcie tylko z powodu miejsca, w kt\u00f3rym si\u0119 urodzili? Czy mieszka\u0144cy obszar\u00f3w obj\u0119tych konfliktem, nie z w\u0142asnego wyboru, widz\u0105 w tych turystach nadziej\u0119 na spokojne \u017cycie? A mo\u017ce jest to czysto jednostronna interakcja, w kt\u00f3rej nikt nie wygrywa i nikt si\u0119 nie uczy?<\/p>\n<\/div><figure class=\"wp-block-media-text__media\"><img loading=\"lazy\" decoding=\"async\" width=\"550\" height=\"825\" src=\"https:\/\/ilf.org.pl\/51\/wp-content\/uploads\/2024\/07\/Danger-Zone-plakat-2.jpg\" alt=\"\" class=\"wp-image-444 size-large\" srcset=\"https:\/\/ilf.org.pl\/51\/wp-content\/uploads\/2024\/07\/Danger-Zone-plakat-2.jpg 550w, https:\/\/ilf.org.pl\/51\/wp-content\/uploads\/2024\/07\/Danger-Zone-plakat-2-200x300.jpg 200w\" sizes=\"auto, (max-width: 550px) 100vw, 550px\" \/><\/figure><\/div>\n","protected":false},"excerpt":{"rendered":"<p>Re\u017c: Vita DrygasProd.: Polska\/Wielka Brytania\/Belgia\/Ukraina 2023, 92 min W konkurencyjnym \u015bwiecie turystyki niewiele jest dzisiaj do\u015bwiadcze\u0144, kt\u00f3re s\u0105 nieosi\u0105galne. &#8222;Danger Zone&#8221; zag\u0142\u0119bia si\u0119 w \u015bwiat turystyki wojennej, zaspokajaj\u0105cej rosn\u0105cy rynek na coraz rzadsze i ekstremalne do\u015bwiadczenia. Turystom obiecuje si\u0119 akcje na pierwszej linii frontu, z prawdziw\u0105 amunicj\u0105, prawdziwymi bitwami i prawdziwym niebezpiecze\u0144stwem. Wojna sta\u0142a si\u0119&hellip; <br \/> <a class=\"read-more\" href=\"https:\/\/ilf.org.pl\/51\/danger-zone\/\">Dowiedz si\u0119 wi\u0119cej<\/a><\/p>\n","protected":false},"author":3,"featured_media":0,"parent":0,"menu_order":0,"comment_status":"closed","ping_status":"closed","template":"","meta":{"footnotes":""},"class_list":["post-443","page","type-page","status-publish","hentry"],"_links":{"self":[{"href":"https:\/\/ilf.org.pl\/51\/wp-json\/wp\/v2\/pages\/443","targetHints":{"allow":["GET"]}}],"collection":[{"href":"https:\/\/ilf.org.pl\/51\/wp-json\/wp\/v2\/pages"}],"about":[{"href":"https:\/\/ilf.org.pl\/51\/wp-json\/wp\/v2\/types\/page"}],"author":[{"embeddable":true,"href":"https:\/\/ilf.org.pl\/51\/wp-json\/wp\/v2\/users\/3"}],"replies":[{"embeddable":true,"href":"https:\/\/ilf.org.pl\/51\/wp-json\/wp\/v2\/comments?post=443"}],"version-history":[{"count":2,"href":"https:\/\/ilf.org.pl\/51\/wp-json\/wp\/v2\/pages\/443\/revisions"}],"predecessor-version":[{"id":693,"href":"https:\/\/ilf.org.pl\/51\/wp-json\/wp\/v2\/pages\/443\/revisions\/693"}],"wp:attachment":[{"href":"https:\/\/ilf.org.pl\/51\/wp-json\/wp\/v2\/media?parent=443"}],"curies":[{"name":"wp","href":"https:\/\/api.w.org\/{rel}","templated":true}]}}