{"id":398,"date":"2024-07-23T12:48:58","date_gmt":"2024-07-23T10:48:58","guid":{"rendered":"https:\/\/ilf.org.pl\/51\/?page_id=398"},"modified":"2024-07-28T19:51:54","modified_gmt":"2024-07-28T17:51:54","slug":"setki-bobrow","status":"publish","type":"page","link":"https:\/\/ilf.org.pl\/51\/setki-bobrow\/","title":{"rendered":"Setki bobr\u00f3w"},"content":{"rendered":"\n<div class=\"wp-block-media-text has-media-on-the-right is-stacked-on-mobile is-style-default\" style=\"grid-template-columns:auto 25%\"><div class=\"wp-block-media-text__content\">\n<div class=\"wp-block-group is-nowrap is-layout-flex wp-container-core-group-is-layout-ad2f72ca wp-block-group-is-layout-flex\">\n<div class=\"wp-block-group\"><div class=\"wp-block-group__inner-container is-layout-constrained wp-block-group-is-layout-constrained\">\n<div class=\"wp-block-group\"><div class=\"wp-block-group__inner-container is-layout-constrained wp-block-group-is-layout-constrained\">\n<p><\/p>\n\n\n\n<div class=\"wp-block-group\"><div class=\"wp-block-group__inner-container is-layout-constrained wp-block-group-is-layout-constrained\">\n<p>Oryginalny tytu\u0142: <strong>Hundreds od Beavers<\/strong><br>Re\u017c: Mike Cheslik <br>Prod. USA 2022, 108 min<br>Wyk. Ryland Brickson Cole Tews, Olivia Graves, Doug Mancheski<\/p>\n<\/div><\/div>\n<\/div><\/div>\n<\/div><\/div>\n<\/div>\n\n\n\n<p><\/p>\n\n\n\n<p>Jean Kayak, po po\u017carze swojego browaru, musi przetrwa\u0107 i przechytrzy\u0107 setki bobr\u00f3w, aby zosta\u0107 najlepszym traperem w Ameryce. A wszystko po to, by zdoby\u0107 serce pi\u0119knej c\u00f3rki handlarza futrami.<\/p>\n\n\n\n<p><\/p>\n<\/div><figure class=\"wp-block-media-text__media\"><img loading=\"lazy\" decoding=\"async\" width=\"500\" height=\"719\" src=\"https:\/\/ilf.org.pl\/51\/wp-content\/uploads\/2024\/07\/Setki-bobrow.jpg\" alt=\"\" class=\"wp-image-402 size-large\" srcset=\"https:\/\/ilf.org.pl\/51\/wp-content\/uploads\/2024\/07\/Setki-bobrow.jpg 500w, https:\/\/ilf.org.pl\/51\/wp-content\/uploads\/2024\/07\/Setki-bobrow-209x300.jpg 209w\" sizes=\"auto, (max-width: 500px) 100vw, 500px\" \/><\/figure><\/div>\n","protected":false},"excerpt":{"rendered":"","protected":false},"author":3,"featured_media":0,"parent":0,"menu_order":0,"comment_status":"closed","ping_status":"closed","template":"","meta":{"footnotes":""},"class_list":["post-398","page","type-page","status-publish","hentry"],"_links":{"self":[{"href":"https:\/\/ilf.org.pl\/51\/wp-json\/wp\/v2\/pages\/398","targetHints":{"allow":["GET"]}}],"collection":[{"href":"https:\/\/ilf.org.pl\/51\/wp-json\/wp\/v2\/pages"}],"about":[{"href":"https:\/\/ilf.org.pl\/51\/wp-json\/wp\/v2\/types\/page"}],"author":[{"embeddable":true,"href":"https:\/\/ilf.org.pl\/51\/wp-json\/wp\/v2\/users\/3"}],"replies":[{"embeddable":true,"href":"https:\/\/ilf.org.pl\/51\/wp-json\/wp\/v2\/comments?post=398"}],"version-history":[{"count":4,"href":"https:\/\/ilf.org.pl\/51\/wp-json\/wp\/v2\/pages\/398\/revisions"}],"predecessor-version":[{"id":763,"href":"https:\/\/ilf.org.pl\/51\/wp-json\/wp\/v2\/pages\/398\/revisions\/763"}],"wp:attachment":[{"href":"https:\/\/ilf.org.pl\/51\/wp-json\/wp\/v2\/media?parent=398"}],"curies":[{"name":"wp","href":"https:\/\/api.w.org\/{rel}","templated":true}]}}